{"id":111,"date":"2023-11-23T09:37:44","date_gmt":"2023-11-23T07:37:44","guid":{"rendered":"https:\/\/seic-evo.com\/enginyeria-copy\/"},"modified":"2024-04-15T13:31:04","modified_gmt":"2024-04-15T11:31:04","slug":"centre-de-desenvolupament","status":"publish","type":"page","link":"https:\/\/seic-evo.com\/ca\/centre-de-desenvolupament\/","title":{"rendered":"Centre de desenvolupament"},"content":{"rendered":"\n<div class=\"wp-block-seic-capcalera section seic--height fp-auto-height fp-seic-height-75 __hide_slidesNav com-filet filet-abaix\" data-anchor=\"\" data-navtt=\"\">\n<div class=\"wp-block-seic-capcalera-item __slick-slide mod-slide blanc\"><div class=\"maq-contenidor\"><p class=\"com_titular_3\">Quan pensem que el dia de dem\u00e0 mai arribar\u00e0, ja s&#8217;ha convertit en ahir.<\/p><p class=\"com_titular_4\">Henry ford\u00a0 (1863- 1947)<br>Empresari i emprenedor nordameric\u00e0<\/p><\/div><div class=\"blured\" style=\"background-image:url(https:\/\/seic-evo.com\/wp-content\/uploads\/CENTRE-Sliders-02.jpg)\"><\/div><div class=\"fixed\"><\/div><\/div>\n<\/div>\n\n\n\n<div class=\"wp-block-seic-seccio-dos-cols section fons-blanc com-filet seic-100-height padding-mig dos-columnes\" data-anchor=\"Centre-desenvolupament\" data-navtt=\"Centre de desenvolupament\"><div class=\"wrapper-bg-color\"><div class=\"maq-contenidor\">\n<div class=\"wp-block-seic-columna-seccio col vertical_centrat esq\">\n<h2 class=\"wp-block-heading is-style-seic-titular-gran\">Un entorn i un context inigualable.<\/h2>\n<\/div>\n\n\n\n<div class=\"wp-block-seic-columna-seccio col vertical_centrat esq\">\n<p>Els espais SEIC, amplis i especialitzats, representen el nostre comprom\u00eds amb l&#8217;aven\u00e7 de la tecnologia cel\u00b7lul\u00f2sica. Amb un entorn de treball dedicat, oferim un marc ideal per a projectes innovadors i investigacions pioneres en el camp. Les nostres instal\u00b7lacions proporcionen la infraestructura necess\u00e0ria per a projectes de gran envergadura, assegurant un entorn \u00f2ptim per al desenvolupament i la implementaci\u00f3 de solucions innovadores. Estem orgullosos de col\u00b7laborar en projectes que impulsen l&#8217;excel\u00b7l\u00e8ncia i la sostenibilitat en aquest camp din\u00e0mic.<\/p>\n<\/div>\n<\/div><\/div><\/div>\n\n\n\n<div class=\"wp-block-seic-seccio-dos-cols section fons-crema com-filet seic-100-height padding-mig dos-columnes\" data-anchor=\"Espais-desenvolupar-repensar\" data-navtt=\"Espais per desenvolupar i repensar\"><div class=\"wrapper-bg-color\"><div class=\"maq-contenidor\">\n<div class=\"wp-block-seic-columna-seccio col vertical_centrat esq\">\n<h2 class=\"wp-block-heading is-style-seic-titular-gegant has-com-color-blanc-color has-text-color\">Espais per desenvolupar i repensar<\/h2>\n\n\n\n<p>SEIC compta amb un modern centre de desenvolupament, que permet als nostres professionals disposar dels espais i la tecnologia adequats per a treballar \u00edntegrament les solucions i innovacions per als nostres clients:<\/p>\n\n\n\n<p>\u2013 Cocci\u00f3, esbandida, rentat i premsat de mat\u00e8ries que ho requereixin.<br>\u2013 Preparaci\u00f3 de pastes, polpejat, refinat i depuraci\u00f3.<br>\u2013 Termoformaci\u00f3.<br>\u2013 M\u00e0quina de fabricaci\u00f3 de paper.<br>\u2013 Estucadores.<br>\u2013 Laboratori de mat\u00e8ries primeres, proc\u00e9s i producte final.<br>\u2013 Espai per <em>partners<\/em> i sales de reunions.<br>\u2013 SCADA integrat en el proc\u00e9s.<br>\u2013 Altres processos confidencials.<\/p>\n\n\n\n<p>Les nostres instal\u00b7lacions, de m\u00e9s de 2.000 m\u00b2, estan ubicades en l\u2019hist\u00f2ric recinte industrial Guasch de Capellades (Barcelona): un edifici amb d\u00e8cades d\u2019hist\u00f2ria fabril, en un municipi hist\u00f2ricament lligat a la producci\u00f3 paperera. Un entorn i un context immillorables.<\/p>\n<\/div>\n\n\n\n<div class=\"wp-block-seic-columna-seccio col vertical_centrat esq\">\n<div class=\"wp-block-seic-imatge-control img_control_alt\">\n<figure class=\"wp-block-image size-large\"><img loading=\"lazy\" decoding=\"async\" width=\"715\" height=\"1024\" src=\"https:\/\/seic-evo.com\/wp-content\/uploads\/IMG_0325-715x1024.jpg\" alt=\"\" class=\"wp-image-348\" srcset=\"https:\/\/seic-evo.com\/wp-content\/uploads\/IMG_0325-715x1024.jpg 715w, https:\/\/seic-evo.com\/wp-content\/uploads\/IMG_0325-209x300.jpg 209w, https:\/\/seic-evo.com\/wp-content\/uploads\/IMG_0325-768x1100.jpg 768w, https:\/\/seic-evo.com\/wp-content\/uploads\/IMG_0325-1072x1536.jpg 1072w, https:\/\/seic-evo.com\/wp-content\/uploads\/IMG_0325.jpg 1195w\" sizes=\"auto, (max-width: 715px) 100vw, 715px\" \/><\/figure>\n<\/div>\n<\/div>\n<\/div><\/div><\/div>\n\n\n\n<div class=\"wp-block-seic-seccio-dos-cols section fons-blanc com-filet seic-100-height padding-mig dos-columnes\" data-anchor=\"Instal\u00b7lacions\" data-navtt=\"Fotos d'instal\u00b7lacions\"><div class=\"wrapper-bg-color\"><div class=\"maq-contenidor\">\n<div class=\"wp-block-seic-columna-seccio col vertical_centrat\">\n<div class=\"wp-block-seic-imatge-control img_control_alt\">\n<figure class=\"wp-block-image size-large\"><img loading=\"lazy\" decoding=\"async\" width=\"768\" height=\"1024\" src=\"https:\/\/seic-evo.com\/wp-content\/uploads\/image00042-768x1024.jpg\" alt=\"\" class=\"wp-image-389\" srcset=\"https:\/\/seic-evo.com\/wp-content\/uploads\/image00042-768x1024.jpg 768w, https:\/\/seic-evo.com\/wp-content\/uploads\/image00042-225x300.jpg 225w, https:\/\/seic-evo.com\/wp-content\/uploads\/image00042-1152x1536.jpg 1152w, https:\/\/seic-evo.com\/wp-content\/uploads\/image00042-1536x2048.jpg 1536w, https:\/\/seic-evo.com\/wp-content\/uploads\/image00042.jpg 1871w\" sizes=\"auto, (max-width: 768px) 100vw, 768px\" \/><\/figure>\n<\/div>\n<\/div>\n\n\n\n<div class=\"wp-block-seic-columna-seccio col vertical_centrat esq\">\n<div class=\"wp-block-seic-imatge-control img_control_alt\">\n<figure class=\"wp-block-image size-large\"><img loading=\"lazy\" decoding=\"async\" width=\"768\" height=\"1024\" src=\"https:\/\/seic-evo.com\/wp-content\/uploads\/image00014-768x1024.jpg\" alt=\"\" class=\"wp-image-152\" srcset=\"https:\/\/seic-evo.com\/wp-content\/uploads\/image00014-768x1024.jpg 768w, https:\/\/seic-evo.com\/wp-content\/uploads\/image00014-225x300.jpg 225w, https:\/\/seic-evo.com\/wp-content\/uploads\/image00014-1152x1536.jpg 1152w, https:\/\/seic-evo.com\/wp-content\/uploads\/image00014-1536x2048.jpg 1536w, https:\/\/seic-evo.com\/wp-content\/uploads\/image00014.jpg 1871w\" sizes=\"auto, (max-width: 768px) 100vw, 768px\" \/><\/figure>\n<\/div>\n<\/div>\n<\/div><\/div><\/div>\n\n\n\n<div class=\"wp-block-seic-fotofull section fp-auto-height com-filet\" data-anchor=\"Instal-lacions-1\" data-navtt=\"Fotos d'instal\u00b7lacions\"><div class=\"wrapper-bg-img\" style=\"background-image:url(https:\/\/seic-evo.com\/wp-content\/uploads\/serveis-enginyeria.jpg)\"><\/div><\/div>\n","protected":false},"excerpt":{"rendered":"","protected":false},"author":1,"featured_media":0,"parent":0,"menu_order":0,"comment_status":"closed","ping_status":"closed","template":"maq_fullpage.php","meta":{"footnotes":""},"class_list":["post-111","page","type-page","status-publish","hentry"],"_links":{"self":[{"href":"https:\/\/seic-evo.com\/ca\/wp-json\/wp\/v2\/pages\/111","targetHints":{"allow":["GET"]}}],"collection":[{"href":"https:\/\/seic-evo.com\/ca\/wp-json\/wp\/v2\/pages"}],"about":[{"href":"https:\/\/seic-evo.com\/ca\/wp-json\/wp\/v2\/types\/page"}],"author":[{"embeddable":true,"href":"https:\/\/seic-evo.com\/ca\/wp-json\/wp\/v2\/users\/1"}],"replies":[{"embeddable":true,"href":"https:\/\/seic-evo.com\/ca\/wp-json\/wp\/v2\/comments?post=111"}],"version-history":[{"count":37,"href":"https:\/\/seic-evo.com\/ca\/wp-json\/wp\/v2\/pages\/111\/revisions"}],"predecessor-version":[{"id":1604,"href":"https:\/\/seic-evo.com\/ca\/wp-json\/wp\/v2\/pages\/111\/revisions\/1604"}],"wp:attachment":[{"href":"https:\/\/seic-evo.com\/ca\/wp-json\/wp\/v2\/media?parent=111"}],"curies":[{"name":"wp","href":"https:\/\/api.w.org\/{rel}","templated":true}]}}