{"id":127,"date":"2023-11-23T09:51:46","date_gmt":"2023-11-23T07:51:46","guid":{"rendered":"https:\/\/seic-evo.com\/centre-de-desenvolupament-copy\/"},"modified":"2024-04-15T13:05:49","modified_gmt":"2024-04-15T11:05:49","slug":"projectes","status":"publish","type":"page","link":"https:\/\/seic-evo.com\/ca\/projectes\/","title":{"rendered":"Projectes"},"content":{"rendered":"\n<div class=\"wp-block-seic-capcalera section seic--height fp-auto-height fp-seic-height-75 __hide_slidesNav com-filet filet-abaix\" data-anchor=\"\" data-navtt=\"\">\n<div class=\"wp-block-seic-capcalera-item __slick-slide mod-slide blanc\"><div class=\"maq-contenidor\"><p class=\"com_titular_3\">L\u2019home mai sap del que \u00e9s capa\u00e7 fins que ho intenta.<\/p><p class=\"com_titular_4\">Charles Dickens (1812-1870)<br>Escriptor angl\u00e8s<\/p><\/div><div class=\"blured\" style=\"background-image:url(https:\/\/seic-evo.com\/wp-content\/uploads\/IMG_8211.jpg)\"><\/div><div class=\"fixed\"><\/div><\/div>\n<\/div>\n\n\n\n<div class=\"wp-block-seic-seccio-dos-cols section fons-blanc com-filet seic-100-height padding-mig dos-columnes\" data-anchor=\"Projectes\" data-navtt=\"Projectes\"><div class=\"wrapper-bg-color\"><div class=\"maq-contenidor\">\n<div class=\"wp-block-seic-columna-seccio col vertical_centrat esq\">\n<h2 class=\"wp-block-heading is-style-seic-titular-gran\">Tenim l&#8217;estrat\u00e8gia i la visi\u00f3 global, amb taller integrat per a solucions eficients.<\/h2>\n<\/div>\n\n\n\n<div class=\"wp-block-seic-columna-seccio col vertical_centrat esq\">\n<p>A SEIC realitzem projectes per a processos industrials especialitzats en la ind\u00fastria paperera i les ind\u00fastries cel\u00b7lul\u00f2siques relacionades.<\/p>\n\n\n\n<p>Dissenyem circuits de preparaci\u00f3 de pastes: els nostres projectes proporcionen solucions per a millores en circuits, canvis en circuits o circuits totalment nous.<\/p>\n\n\n\n<p>Dissenyem des del <em>flow sheet<\/em>, balan\u00e7 i <em>lay out<\/em>\u00a0de les instal\u00b7lacions fins als pressupostos adients segons les necessitats dels clients, proposant projectes claus en m\u00e0.<\/p>\n\n\n\n<p>Abordem cada projecte com un repte \u00fanic i apassionant. Buscant la soluci\u00f3 \u00f2ptima i espec\u00edfica per a cada projecte. Amb l&#8217;enginyeria integrada, el nostre taller t\u00e9 capacitat per prestar un servei integral, amb tecnologies digitals com ara la simulaci\u00f3 3D, que permet la visualitzaci\u00f3 pr\u00e8via del projecte abans del seu inici.<\/p>\n<\/div>\n<\/div><\/div><\/div>\n\n\n\n<div class=\"wp-block-seic-seccio-dos-cols section fons-blau com-filet seic-100-height padding-mig dos-columnes\" data-anchor=\"Professionals-enginyeria\" data-navtt=\"Som professionals de l'enginyeria\"><div class=\"wrapper-bg-color\"><div class=\"maq-contenidor\">\n<div class=\"wp-block-seic-columna-seccio col vertical_centrat esq\">\n<h2 class=\"wp-block-heading is-style-seic-titular-gegant has-com-color-blanc-color has-text-color\">Som professionals de l\u2019enginyeria<\/h2>\n\n\n\n<p>A SEIC disposem d\u2019un taller de 1.000 m<sup>2<\/sup>, dotat amb un pont-grua de 6,5 tones, i amb capacitat per fabricar-hi la majoria de la maquin\u00e0ria que necessiten els nostres projectes.<\/p>\n\n\n\n<p>Tamb\u00e9 hi podem dur a terme l\u2019armat dels elements i, un cop ja estan preparats, els portem al nostre centre de desenvolupament. All\u00e0 hi fem les proves de funcionament pertinents i els podem mostrar al client.<\/p>\n<\/div>\n\n\n\n<div class=\"wp-block-seic-columna-seccio col vertical_centrat esq\">\n<div class=\"wp-block-seic-imatge-control img_control_alt\">\n<figure class=\"wp-block-image size-large\"><img loading=\"lazy\" decoding=\"async\" width=\"758\" height=\"1024\" src=\"https:\/\/seic-evo.com\/wp-content\/uploads\/SEIC-07-2-758x1024.jpg\" alt=\"\" class=\"wp-image-319\" srcset=\"https:\/\/seic-evo.com\/wp-content\/uploads\/SEIC-07-2-758x1024.jpg 758w, https:\/\/seic-evo.com\/wp-content\/uploads\/SEIC-07-2-222x300.jpg 222w, https:\/\/seic-evo.com\/wp-content\/uploads\/SEIC-07-2-768x1037.jpg 768w, https:\/\/seic-evo.com\/wp-content\/uploads\/SEIC-07-2-1137x1536.jpg 1137w, https:\/\/seic-evo.com\/wp-content\/uploads\/SEIC-07-2-1517x2048.jpg 1517w, https:\/\/seic-evo.com\/wp-content\/uploads\/SEIC-07-2.jpg 1895w\" sizes=\"auto, (max-width: 758px) 100vw, 758px\" \/><\/figure>\n<\/div>\n<\/div>\n<\/div><\/div><\/div>\n\n\n\n<div class=\"wp-block-seic-seccio-dos-cols section fons-crema com-filet seic-100-height padding-mig dos-columnes\" data-anchor=\"imatges-Projectes-1\" data-navtt=\"Imatges de projectes\"><div class=\"wrapper-bg-color\"><div class=\"maq-contenidor\">\n<div class=\"wp-block-seic-columna-seccio col vertical_centrat esq\">\n<div class=\"wp-block-seic-imatge-control img_control_alt\">\n<figure class=\"wp-block-image size-large\"><img loading=\"lazy\" decoding=\"async\" width=\"768\" height=\"1024\" src=\"https:\/\/seic-evo.com\/wp-content\/uploads\/image00074-1-768x1024.jpg\" alt=\"\" class=\"wp-image-394\" srcset=\"https:\/\/seic-evo.com\/wp-content\/uploads\/image00074-1-768x1024.jpg 768w, https:\/\/seic-evo.com\/wp-content\/uploads\/image00074-1-225x300.jpg 225w, https:\/\/seic-evo.com\/wp-content\/uploads\/image00074-1-1152x1536.jpg 1152w, https:\/\/seic-evo.com\/wp-content\/uploads\/image00074-1-1536x2048.jpg 1536w, https:\/\/seic-evo.com\/wp-content\/uploads\/image00074-1.jpg 1871w\" sizes=\"auto, (max-width: 768px) 100vw, 768px\" \/><\/figure>\n<\/div>\n<\/div>\n\n\n\n<div class=\"wp-block-seic-columna-seccio col vertical_centrat\">\n<div class=\"wp-block-seic-imatge-control img_control_alt\">\n<figure class=\"wp-block-image size-large\"><img loading=\"lazy\" decoding=\"async\" width=\"773\" height=\"1024\" src=\"https:\/\/seic-evo.com\/wp-content\/uploads\/galeria1-773x1024.jpg\" alt=\"\" class=\"wp-image-393\" srcset=\"https:\/\/seic-evo.com\/wp-content\/uploads\/galeria1-773x1024.jpg 773w, https:\/\/seic-evo.com\/wp-content\/uploads\/galeria1-227x300.jpg 227w, https:\/\/seic-evo.com\/wp-content\/uploads\/galeria1-768x1017.jpg 768w, https:\/\/seic-evo.com\/wp-content\/uploads\/galeria1.jpg 1160w\" sizes=\"auto, (max-width: 773px) 100vw, 773px\" \/><\/figure>\n<\/div>\n<\/div>\n<\/div><\/div><\/div>\n\n\n\n<div class=\"wp-block-seic-fotofull section fp-auto-height com-filet\" data-anchor=\"imatges-Taller\" data-navtt=\"Imatges de projectes\"><div class=\"wrapper-bg-img\" style=\"background-image:url(https:\/\/seic-evo.com\/wp-content\/uploads\/IMG_8124.jpg)\"><\/div><\/div>\n\n\n\n<div class=\"wp-block-seic-seccio-dos-cols section fons-blanc com-filet seic-100-height padding-mig dos-columnes\" data-anchor=\"imatges-Projectes-2\" data-navtt=\"Imatges de projectes\"><div class=\"wrapper-bg-color\"><div class=\"maq-contenidor\">\n<div class=\"wp-block-seic-columna-seccio col vertical_centrat esq\">\n<div class=\"wp-block-seic-imatge-control img_control_alt\">\n<figure class=\"wp-block-image size-large\"><img loading=\"lazy\" decoding=\"async\" width=\"755\" height=\"1024\" src=\"https:\/\/seic-evo.com\/wp-content\/uploads\/IMG_8130-755x1024.jpg\" alt=\"\" class=\"wp-image-395\" srcset=\"https:\/\/seic-evo.com\/wp-content\/uploads\/IMG_8130-755x1024.jpg 755w, https:\/\/seic-evo.com\/wp-content\/uploads\/IMG_8130-221x300.jpg 221w, https:\/\/seic-evo.com\/wp-content\/uploads\/IMG_8130-768x1042.jpg 768w, https:\/\/seic-evo.com\/wp-content\/uploads\/IMG_8130.jpg 1132w\" sizes=\"auto, (max-width: 755px) 100vw, 755px\" \/><\/figure>\n<\/div>\n<\/div>\n\n\n\n<div class=\"wp-block-seic-columna-seccio col vertical_centrat\">\n<div class=\"wp-block-seic-imatge-control img_control_alt\">\n<figure class=\"wp-block-image size-large\"><img loading=\"lazy\" decoding=\"async\" width=\"768\" height=\"1024\" src=\"https:\/\/seic-evo.com\/wp-content\/uploads\/IMG_8489-768x1024.jpg\" alt=\"\" class=\"wp-image-396\" srcset=\"https:\/\/seic-evo.com\/wp-content\/uploads\/IMG_8489-768x1024.jpg 768w, https:\/\/seic-evo.com\/wp-content\/uploads\/IMG_8489-225x300.jpg 225w, https:\/\/seic-evo.com\/wp-content\/uploads\/IMG_8489-1152x1536.jpg 1152w, https:\/\/seic-evo.com\/wp-content\/uploads\/IMG_8489.jpg 1536w\" sizes=\"auto, (max-width: 768px) 100vw, 768px\" \/><\/figure>\n<\/div>\n<\/div>\n<\/div><\/div><\/div>\n\n\n\n<div class=\"wp-block-seic-seccio-dos-cols section fons-blau com-filet seic-100-height padding-mig dos-columnes\" data-anchor=\"imatges-Projectes-3\" data-navtt=\"Imatges de projectes\"><div class=\"wrapper-bg-color\"><div class=\"maq-contenidor\">\n<div class=\"wp-block-seic-columna-seccio col vertical_centrat esq\">\n<div class=\"wp-block-seic-imatge-control img_control_alt\">\n<figure class=\"wp-block-image size-large\"><img loading=\"lazy\" decoding=\"async\" width=\"768\" height=\"1024\" src=\"https:\/\/seic-evo.com\/wp-content\/uploads\/IMG_8526-768x1024.jpg\" alt=\"\" class=\"wp-image-397\" srcset=\"https:\/\/seic-evo.com\/wp-content\/uploads\/IMG_8526-768x1024.jpg 768w, https:\/\/seic-evo.com\/wp-content\/uploads\/IMG_8526-225x300.jpg 225w, https:\/\/seic-evo.com\/wp-content\/uploads\/IMG_8526-1152x1536.jpg 1152w, https:\/\/seic-evo.com\/wp-content\/uploads\/IMG_8526.jpg 1536w\" sizes=\"auto, (max-width: 768px) 100vw, 768px\" \/><\/figure>\n<\/div>\n<\/div>\n\n\n\n<div class=\"wp-block-seic-columna-seccio col vertical_centrat\">\n<div class=\"wp-block-seic-imatge-control img_control_alt\">\n<figure class=\"wp-block-image size-large\"><img loading=\"lazy\" decoding=\"async\" width=\"744\" height=\"1024\" src=\"https:\/\/seic-evo.com\/wp-content\/uploads\/IMG_9089-744x1024.jpg\" alt=\"\" class=\"wp-image-398\" srcset=\"https:\/\/seic-evo.com\/wp-content\/uploads\/IMG_9089-744x1024.jpg 744w, https:\/\/seic-evo.com\/wp-content\/uploads\/IMG_9089-218x300.jpg 218w, https:\/\/seic-evo.com\/wp-content\/uploads\/IMG_9089-768x1057.jpg 768w, https:\/\/seic-evo.com\/wp-content\/uploads\/IMG_9089.jpg 1116w\" sizes=\"auto, (max-width: 744px) 100vw, 744px\" \/><\/figure>\n<\/div>\n<\/div>\n<\/div><\/div><\/div>\n","protected":false},"excerpt":{"rendered":"","protected":false},"author":1,"featured_media":0,"parent":0,"menu_order":0,"comment_status":"closed","ping_status":"closed","template":"maq_fullpage.php","meta":{"footnotes":""},"class_list":["post-127","page","type-page","status-publish","hentry"],"_links":{"self":[{"href":"https:\/\/seic-evo.com\/ca\/wp-json\/wp\/v2\/pages\/127","targetHints":{"allow":["GET"]}}],"collection":[{"href":"https:\/\/seic-evo.com\/ca\/wp-json\/wp\/v2\/pages"}],"about":[{"href":"https:\/\/seic-evo.com\/ca\/wp-json\/wp\/v2\/types\/page"}],"author":[{"embeddable":true,"href":"https:\/\/seic-evo.com\/ca\/wp-json\/wp\/v2\/users\/1"}],"replies":[{"embeddable":true,"href":"https:\/\/seic-evo.com\/ca\/wp-json\/wp\/v2\/comments?post=127"}],"version-history":[{"count":38,"href":"https:\/\/seic-evo.com\/ca\/wp-json\/wp\/v2\/pages\/127\/revisions"}],"predecessor-version":[{"id":1598,"href":"https:\/\/seic-evo.com\/ca\/wp-json\/wp\/v2\/pages\/127\/revisions\/1598"}],"wp:attachment":[{"href":"https:\/\/seic-evo.com\/ca\/wp-json\/wp\/v2\/media?parent=127"}],"curies":[{"name":"wp","href":"https:\/\/api.w.org\/{rel}","templated":true}]}}