{"id":134,"date":"2023-11-23T09:59:13","date_gmt":"2023-11-23T07:59:13","guid":{"rendered":"https:\/\/seic-evo.com\/seic-copy\/"},"modified":"2024-04-15T14:10:22","modified_gmt":"2024-04-15T12:10:22","slug":"circularitat","status":"publish","type":"page","link":"https:\/\/seic-evo.com\/ca\/circularitat\/","title":{"rendered":"Circularitat"},"content":{"rendered":"\n<div class=\"wp-block-seic-capcalera section seic--height fp-auto-height fp-seic-height-75 __hide_slidesNav com-filet filet-abaix\" data-anchor=\"\" data-navtt=\"\">\n<div class=\"wp-block-seic-capcalera-item __slick-slide mod-slide blanc\"><div class=\"maq-contenidor\"><p class=\"com_titular_3\">L\u2019aut\u00e8ntic problema no \u00e9s si les m\u00e0quines pensen, sin\u00f3 si ho fan els homes.\u00a0<\/p><p class=\"com_titular_4\">Frederic Burrhus Skinner\u00a0 (1904-1990)<br>Psic\u00f2leg, fil\u00f2sof social, inventor i autor nordameric\u00e0<\/p><\/div><div class=\"blured\" style=\"background-image:url(https:\/\/seic-evo.com\/wp-content\/uploads\/CIRCULARITAT-Slider-01-1.jpg)\"><\/div><div class=\"fixed\"><\/div><\/div>\n<\/div>\n\n\n\n<div class=\"wp-block-seic-seccio-dos-cols section fons-blanc com-filet seic-100-height padding-mig dos-columnes\" data-anchor=\"Circularitat\" data-navtt=\"Circularitat\"><div class=\"wrapper-bg-color\"><div class=\"maq-contenidor\">\n<div class=\"wp-block-seic-columna-seccio col vertical_centrat esq\">\n<h2 class=\"wp-block-heading is-style-seic-titular-gran\">El respecte pel planeta i una producci\u00f3 responsable s\u00f3n imprescindibles pel nostre dem\u00e0 i contribueixen a una major efici\u00e8ncia.<\/h2>\n<\/div>\n\n\n\n<div class=\"wp-block-seic-columna-seccio col vertical_centrat esq\">\n<p>A SEIC estem fermament conven\u00e7uts que el futur del planeta passa per una dr\u00e0stica reducci\u00f3 en la generaci\u00f3 de residus, el reaprofitament de mat\u00e8ries i l\u2019adopci\u00f3 de processos industrials productius altament responsables.<\/p>\n\n\n\n<p>Per aix\u00f2, ajudem a les empreses de diversos sectors a crear i adoptar tecnologies que contribueixin a assolir aquest horitz\u00f3, fonamentant la nostra recerca i desenvolupament de solucions en aquests principis.<\/p>\n<\/div>\n<\/div><\/div><\/div>\n\n\n\n<div class=\"wp-block-seic-seccio-dos-cols section fons-blau com-filet seic-100-height padding-mig dos-columnes\" data-anchor=\"Cel-lulosa\" data-navtt=\"Cel\u00b7lulosa\"><div class=\"wrapper-bg-color\"><div class=\"maq-contenidor\">\n<div class=\"wp-block-seic-columna-seccio col vertical_centrat esq\">\n<h2 class=\"wp-block-heading is-style-seic-titular-gegant\">Cel\u00b7lulosa<\/h2>\n\n\n\n<p>La cel\u00b7lulosa \u00e9s el biopol\u00edmer m\u00e9s abundant a la natura: un polisac\u00e0rid format totalment de betaglucosa. \u00c9s el component fonamental de les parets cel\u00b7lulars de plantes i algues, insoluble i resistent a multitud d\u2019atacs qu\u00edmics.<\/p>\n\n\n\n<p>Per aix\u00f2, \u00e9s una de les mat\u00e8ries sostenibles i renovables que la natura ofereix per a la fabricaci\u00f3 de molts productes que, posteriorment, es podran reciclar fins a la seva descomposici\u00f3 natural.<\/p>\n<\/div>\n\n\n\n<div class=\"wp-block-seic-columna-seccio col vertical_centrat esq\">\n<div class=\"wp-block-seic-imatge-control img_control_alt\">\n<figure class=\"wp-block-image size-large\"><img loading=\"lazy\" decoding=\"async\" width=\"768\" height=\"1024\" src=\"https:\/\/seic-evo.com\/wp-content\/uploads\/image00057-768x1024.jpg\" alt=\"\" class=\"wp-image-169\" srcset=\"https:\/\/seic-evo.com\/wp-content\/uploads\/image00057-768x1024.jpg 768w, https:\/\/seic-evo.com\/wp-content\/uploads\/image00057-225x300.jpg 225w, https:\/\/seic-evo.com\/wp-content\/uploads\/image00057-1152x1536.jpg 1152w, https:\/\/seic-evo.com\/wp-content\/uploads\/image00057-1536x2048.jpg 1536w, https:\/\/seic-evo.com\/wp-content\/uploads\/image00057.jpg 1871w\" sizes=\"auto, (max-width: 768px) 100vw, 768px\" \/><\/figure>\n<\/div>\n<\/div>\n<\/div><\/div><\/div>\n\n\n\n<div class=\"wp-block-seic-seccio-dos-cols section fons-crema com-filet seic-100-height padding-mig dos-columnes\" data-anchor=\"Fonts-sostenibles\" data-navtt=\"Fonts sostenibles\"><div class=\"wrapper-bg-color\"><div class=\"maq-contenidor\">\n<div class=\"wp-block-seic-columna-seccio col vertical_centrat esq\">\n<div class=\"wp-block-seic-imatge-control img_control_alt\">\n<figure class=\"wp-block-image size-large\"><img loading=\"lazy\" decoding=\"async\" width=\"768\" height=\"1024\" src=\"https:\/\/seic-evo.com\/wp-content\/uploads\/image00059-1-768x1024.jpg\" alt=\"\" class=\"wp-image-321\" srcset=\"https:\/\/seic-evo.com\/wp-content\/uploads\/image00059-1-768x1024.jpg 768w, https:\/\/seic-evo.com\/wp-content\/uploads\/image00059-1-225x300.jpg 225w, https:\/\/seic-evo.com\/wp-content\/uploads\/image00059-1-1152x1536.jpg 1152w, https:\/\/seic-evo.com\/wp-content\/uploads\/image00059-1-1536x2048.jpg 1536w, https:\/\/seic-evo.com\/wp-content\/uploads\/image00059-1.jpg 1871w\" sizes=\"auto, (max-width: 768px) 100vw, 768px\" \/><\/figure>\n<\/div>\n<\/div>\n\n\n\n<div class=\"wp-block-seic-columna-seccio col vertical_centrat esq\">\n<h2 class=\"wp-block-heading is-style-seic-titular-gegant has-com-color-blanc-color has-text-color\">Fonts sostenibles<\/h2>\n\n\n\n<p>Habitualment es relaciona la cel\u00b7lulosa amb el paper i, per extensi\u00f3, amb els arbres. A SEIC, per\u00f2, cerquem fonts de cel\u00b7lulosa tamb\u00e9 en plantes i algues, la majoria rebutjos d\u2019altres ind\u00fastries, que esdevenen mat\u00e8ria primera per a nosaltres.<\/p>\n\n\n\n<p>El cot\u00f3 dels teixits, la palla residual dels cereals, les canyes, els fruits o les plantes caduques. Aquests s\u00f3n alguns exemples de fonts sostenibles de cel\u00b7lulosa que podem aprofitar.<\/p>\n<\/div>\n<\/div><\/div><\/div>\n\n\n\n<div class=\"wp-block-seic-seccio-dos-cols section fons-blanc com-filet seic-100-height padding-mig dos-columnes\" data-anchor=\"Aprofitament-residus\" data-navtt=\"Aprofitament de residus\"><div class=\"wrapper-bg-color\"><div class=\"maq-contenidor\">\n<div class=\"wp-block-seic-columna-seccio col vertical_centrat esq\">\n<h2 class=\"wp-block-heading is-style-seic-titular-gegant has-com-color-blau-color has-text-color\">Aprofitament de residus<\/h2>\n\n\n\n<p>Un residu industrial pot ser la mat\u00e8ria primera dels nostres projectes.<\/p>\n\n\n\n<p>Podem aprofitar el bag\u00e0s despr\u00e9s d\u2019extreure en forma l\u00edquida el sucre de la canya de sucre. Aprofitar la planta de la tomaquera quan aquesta ja ha donat els seus fruits o la palla de diferents cereals quan ja se n\u2019ha extret el gra. I podem treballar amb algues marines o recuperar la pell i les closques dels fruits.<\/p>\n\n\n\n<p>A SEIC creiem que la natura ens aprovisiona d\u2019all\u00f2 que necessitem i cal saber-ho aprofitar de forma responsable.<\/p>\n<\/div>\n\n\n\n<div class=\"wp-block-seic-columna-seccio col vertical_centrat esq\">\n<div class=\"wp-block-seic-imatge-control img_control_alt\">\n<figure class=\"wp-block-image size-large\"><img loading=\"lazy\" decoding=\"async\" width=\"768\" height=\"1024\" src=\"https:\/\/seic-evo.com\/wp-content\/uploads\/image00071-768x1024.jpg\" alt=\"\" class=\"wp-image-183\" srcset=\"https:\/\/seic-evo.com\/wp-content\/uploads\/image00071-768x1024.jpg 768w, https:\/\/seic-evo.com\/wp-content\/uploads\/image00071-225x300.jpg 225w, https:\/\/seic-evo.com\/wp-content\/uploads\/image00071-1152x1536.jpg 1152w, https:\/\/seic-evo.com\/wp-content\/uploads\/image00071-1536x2048.jpg 1536w, https:\/\/seic-evo.com\/wp-content\/uploads\/image00071.jpg 1871w\" sizes=\"auto, (max-width: 768px) 100vw, 768px\" \/><\/figure>\n<\/div>\n<\/div>\n<\/div><\/div><\/div>\n\n\n\n<div class=\"wp-block-seic-seccio-dos-cols section fons-blau com-filet seic-100-height padding-mig dos-columnes\" data-anchor=\"Procesos-circulars\" data-navtt=\"Procesos circulars\"><div class=\"wrapper-bg-color\"><div class=\"maq-contenidor\">\n<div class=\"wp-block-seic-columna-seccio col vertical_centrat esq\">\n<div class=\"wp-block-seic-imatge-control img_control_alt\">\n<figure class=\"wp-block-image size-large\"><img loading=\"lazy\" decoding=\"async\" width=\"768\" height=\"1024\" src=\"https:\/\/seic-evo.com\/wp-content\/uploads\/image00054-768x1024.jpg\" alt=\"\" class=\"wp-image-166\" srcset=\"https:\/\/seic-evo.com\/wp-content\/uploads\/image00054-768x1024.jpg 768w, https:\/\/seic-evo.com\/wp-content\/uploads\/image00054-225x300.jpg 225w, https:\/\/seic-evo.com\/wp-content\/uploads\/image00054-1152x1536.jpg 1152w, https:\/\/seic-evo.com\/wp-content\/uploads\/image00054-1536x2048.jpg 1536w, https:\/\/seic-evo.com\/wp-content\/uploads\/image00054.jpg 1871w\" sizes=\"auto, (max-width: 768px) 100vw, 768px\" \/><\/figure>\n<\/div>\n<\/div>\n\n\n\n<div class=\"wp-block-seic-columna-seccio col vertical_centrat esq\">\n<h2 class=\"wp-block-heading is-style-seic-titular-gegant\">Procesos circulars<\/h2>\n\n\n\n<p>Un proc\u00e9s \u00e9s circular quan s\u2019aconsegueix tancar del tot el cercle. Perqu\u00e8, quan no s\u2019assoleix i nom\u00e9s es tanca una part del cercle, probablement s\u2019aconsegueixen beneficis econ\u00f2mics per\u00f2 tamb\u00e9 es generen rebutjos de gran complexitat.&nbsp;<\/p>\n\n\n\n<p>A SEIC, gr\u00e0cies a les eines i el coneixement que ens dona la nostra experi\u00e8ncia, tenim com a gran prioritat el tancament dels cercles: efici\u00e8ncia productiva amb residus m\u00ednims i de f\u00e0cil tractament.<\/p>\n<\/div>\n<\/div><\/div><\/div>\n\n\n\n<div class=\"wp-block-seic-seccio-dos-cols section fons-imatge com-filet seic-100-height padding-mig dos-columnes\" data-anchor=\"Imatge-Circularitat-1\" data-navtt=\"Circularitat\"><div class=\"wrapper-bg-img\" style=\"background-image:url(https:\/\/seic-evo.com\/wp-content\/uploads\/image00075-scaled.jpg)\"><div class=\"maq-contenidor\">\n<div class=\"wp-block-seic-columna-seccio col vertical_centrat esq\">\n<div class=\"wp-block-seic-imatge-control img_control_alt\"><\/div>\n<\/div>\n\n\n\n<div class=\"wp-block-seic-columna-seccio col vertical_centrat esq\">\n<h2 class=\"wp-block-heading is-style-seic-titular-gegant\"><\/h2>\n<\/div>\n<\/div><\/div><\/div>\n\n\n\n<div class=\"wp-block-seic-seccio-dos-cols section fons-imatge com-filet seic-100-height padding-mig dos-columnes\" data-anchor=\"Imatge-Circularitat-2\" data-navtt=\"Circularitat\"><div class=\"wrapper-bg-img\" style=\"background-image:url(https:\/\/seic-evo.com\/wp-content\/uploads\/IMG_8139.jpg)\"><div class=\"maq-contenidor\">\n<div class=\"wp-block-seic-columna-seccio col vertical_centrat esq\">\n<div class=\"wp-block-seic-imatge-control img_control_alt\"><\/div>\n<\/div>\n\n\n\n<div class=\"wp-block-seic-columna-seccio col vertical_centrat esq\">\n<h2 class=\"wp-block-heading is-style-seic-titular-gegant\"><\/h2>\n<\/div>\n<\/div><\/div><\/div>\n\n\n\n<div class=\"wp-block-seic-seccio-dos-cols section fons-imatge com-filet seic-100-height padding-mig dos-columnes\" data-anchor=\"Imatge-Circularitat-3\" data-navtt=\"Circularitat\"><div class=\"wrapper-bg-img\" style=\"background-image:url(https:\/\/seic-evo.com\/wp-content\/uploads\/IMG_6163.jpg)\"><div class=\"maq-contenidor\">\n<div class=\"wp-block-seic-columna-seccio col vertical_centrat esq\">\n<div class=\"wp-block-seic-imatge-control img_control_alt\"><\/div>\n<\/div>\n\n\n\n<div class=\"wp-block-seic-columna-seccio col vertical_centrat esq\">\n<h2 class=\"wp-block-heading is-style-seic-titular-gegant\"><\/h2>\n<\/div>\n<\/div><\/div><\/div>\n","protected":false},"excerpt":{"rendered":"","protected":false},"author":1,"featured_media":0,"parent":0,"menu_order":0,"comment_status":"closed","ping_status":"closed","template":"maq_fullpage.php","meta":{"footnotes":""},"class_list":["post-134","page","type-page","status-publish","hentry"],"_links":{"self":[{"href":"https:\/\/seic-evo.com\/ca\/wp-json\/wp\/v2\/pages\/134","targetHints":{"allow":["GET"]}}],"collection":[{"href":"https:\/\/seic-evo.com\/ca\/wp-json\/wp\/v2\/pages"}],"about":[{"href":"https:\/\/seic-evo.com\/ca\/wp-json\/wp\/v2\/types\/page"}],"author":[{"embeddable":true,"href":"https:\/\/seic-evo.com\/ca\/wp-json\/wp\/v2\/users\/1"}],"replies":[{"embeddable":true,"href":"https:\/\/seic-evo.com\/ca\/wp-json\/wp\/v2\/comments?post=134"}],"version-history":[{"count":27,"href":"https:\/\/seic-evo.com\/ca\/wp-json\/wp\/v2\/pages\/134\/revisions"}],"predecessor-version":[{"id":1616,"href":"https:\/\/seic-evo.com\/ca\/wp-json\/wp\/v2\/pages\/134\/revisions\/1616"}],"wp:attachment":[{"href":"https:\/\/seic-evo.com\/ca\/wp-json\/wp\/v2\/media?parent=134"}],"curies":[{"name":"wp","href":"https:\/\/api.w.org\/{rel}","templated":true}]}}