{"id":1631,"date":"2024-09-17T08:53:20","date_gmt":"2024-09-17T06:53:20","guid":{"rendered":"https:\/\/seic-evo.com\/circularitat-copy\/"},"modified":"2024-09-30T17:35:13","modified_gmt":"2024-09-30T15:35:13","slug":"pelletitzadora","status":"publish","type":"page","link":"https:\/\/seic-evo.com\/ca\/pelletitzadora\/","title":{"rendered":"Pel\u00b7letitzadora"},"content":{"rendered":"\n<div class=\"wp-block-seic-capcalera section seic--height fp-auto-height fp-seic-height-75 __hide_slidesNav com-filet filet-abaix\" data-anchor=\"\" data-navtt=\"\">\n<div class=\"wp-block-seic-capcalera-item __slick-slide mod-slide blanc\"><div class=\"maq-contenidor\"><p class=\"com_titular_3\">La simplicitat \u00e9s la m\u00e0xima sofisticaci\u00f3.\u00a0<\/p><p class=\"com_titular_4\">Leonardo da Vinci\u00a0 (1452-1519)<br>Arquitecte, escultor, enginyer, inventor, pintor, fil\u00f2sof, astr\u00f2nom, anatomista, m\u00fasic, pol\u00edmata, cient\u00edfic i escriptor itali\u00e0<\/p><\/div><div class=\"blured\" style=\"background-image:url(https:\/\/seic-evo.com\/wp-content\/uploads\/prova2.jpeg)\"><\/div><div class=\"fixed\"><\/div><\/div>\n<\/div>\n\n\n\n<div class=\"wp-block-seic-seccio-dos-cols section fons-blanc com-filet seic-100-height padding-mig dos-columnes\" data-anchor=\"Circularitat\" data-navtt=\"Circularitat\"><div class=\"wrapper-bg-color\"><div class=\"maq-contenidor\">\n<div class=\"wp-block-seic-columna-seccio col vertical_centrat esq\">\n<h2 class=\"wp-block-heading is-style-seic-titular-gran\">Cooperaci\u00f3 i visi\u00f3 global, eix de la nostra filosofia cap a canvis transformadors.<\/h2>\n<\/div>\n\n\n\n<div class=\"wp-block-seic-columna-seccio col vertical_centrat esq\">\n<p>Tenim instal\u00b7lada en el nostre Centre de Desenvolupament la premsa Oguma.<\/p>\n\n\n\n<p>L&#8217;anomenem pel\u00b7letitzadora perqu\u00e8 \u00e9s capa\u00e7 de premsar en forma de p\u00e8l\u00b7lets molts tipus de materials.<\/p>\n<\/div>\n<\/div><\/div><\/div>\n\n\n\n<div class=\"wp-block-seic-seccio-dos-cols section fons-blau com-filet seic-100-height padding-mig dos-columnes\" data-anchor=\"Cel-lulosa\" data-navtt=\"Cel\u00b7lulosa\"><div class=\"wrapper-bg-color\"><div class=\"maq-contenidor\">\n<div class=\"wp-block-seic-columna-seccio col vertical_centrat esq\">\n<h2 class=\"wp-block-heading is-style-seic-titular-gegant\">La clau de l&#8217;\u00e8xit \u00e9s la cooperaci\u00f3<\/h2>\n\n\n\n<p>Matsubo Corporation i Oguma Iron Works han confiat en SEIC per fer el salt a Europa i, d&#8217;aquesta forma, disposem a Barcelona d&#8217;una unitat pilot.<\/p>\n<\/div>\n\n\n\n<div class=\"wp-block-seic-columna-seccio col vertical_centrat esq\">\n<div class=\"wp-block-seic-imatge-control img_control_alt\">\n<figure class=\"wp-block-image size-full\"><img loading=\"lazy\" decoding=\"async\" width=\"2560\" height=\"2560\" src=\"https:\/\/seic-evo.com\/wp-content\/uploads\/prova-1-scaled.jpg\" alt=\"\" class=\"wp-image-1749\" srcset=\"https:\/\/seic-evo.com\/wp-content\/uploads\/prova-1-scaled.jpg 2560w, https:\/\/seic-evo.com\/wp-content\/uploads\/prova-1-300x300.jpg 300w, https:\/\/seic-evo.com\/wp-content\/uploads\/prova-1-1024x1024.jpg 1024w, https:\/\/seic-evo.com\/wp-content\/uploads\/prova-1-150x150.jpg 150w, https:\/\/seic-evo.com\/wp-content\/uploads\/prova-1-768x768.jpg 768w, https:\/\/seic-evo.com\/wp-content\/uploads\/prova-1-1536x1536.jpg 1536w, https:\/\/seic-evo.com\/wp-content\/uploads\/prova-1-2048x2048.jpg 2048w, https:\/\/seic-evo.com\/wp-content\/uploads\/prova-1-600x600.jpg 600w\" sizes=\"auto, (max-width: 2560px) 100vw, 2560px\" \/><\/figure>\n<\/div>\n<\/div>\n<\/div><\/div><\/div>\n\n\n\n<div class=\"wp-block-seic-seccio-dos-cols section fons-crema com-filet seic-100-height padding-mig dos-columnes\" data-anchor=\"Fonts-sostenibles\" data-navtt=\"Fonts sostenibles\"><div class=\"wrapper-bg-color\"><div class=\"maq-contenidor\">\n<div class=\"wp-block-seic-columna-seccio col vertical_centrat esq\">\n<div class=\"wp-block-seic-imatge-control img_control_alt\">\n<figure class=\"wp-block-image size-large\"><img loading=\"lazy\" decoding=\"async\" width=\"979\" height=\"1024\" src=\"https:\/\/seic-evo.com\/wp-content\/uploads\/prova4-3-979x1024.jpeg\" alt=\"\" class=\"wp-image-1791\" srcset=\"https:\/\/seic-evo.com\/wp-content\/uploads\/prova4-3-979x1024.jpeg 979w, https:\/\/seic-evo.com\/wp-content\/uploads\/prova4-3-287x300.jpeg 287w, https:\/\/seic-evo.com\/wp-content\/uploads\/prova4-3-768x803.jpeg 768w, https:\/\/seic-evo.com\/wp-content\/uploads\/prova4-3-1468x1536.jpeg 1468w, https:\/\/seic-evo.com\/wp-content\/uploads\/prova4-3-1958x2048.jpeg 1958w\" sizes=\"auto, (max-width: 979px) 100vw, 979px\" \/><\/figure>\n<\/div>\n<\/div>\n\n\n\n<div class=\"wp-block-seic-columna-seccio col vertical_centrat esq\">\n<h2 class=\"wp-block-heading is-style-seic-titular-gegant has-com-color-blanc-color has-text-color\">Espai adequat, desenvolupament idoni<\/h2>\n\n\n\n<p>Amb aquesta pel\u00b7letitzadora a les nostres instal\u00b7lacions podem fer proves industrials per tal de donar garanties reals als clients de totes les caracter\u00edstiques, r\u00e0tios i rendiments que obtindran amb la pel\u00b7letitzadora de la mida que sigui l&#8217;adequada.<\/p>\n<\/div>\n<\/div><\/div><\/div>\n\n\n\n<div class=\"wp-block-seic-seccio-dos-cols section fons-blanc com-filet seic-100-height padding-mig dos-columnes\" data-anchor=\"Aprofitament-residus\" data-navtt=\"Aprofitament de residus\"><div class=\"wrapper-bg-color\"><div class=\"maq-contenidor\">\n<div class=\"wp-block-seic-columna-seccio col vertical_centrat esq\">\n<h2 class=\"wp-block-heading is-style-seic-titular-gegant has-com-color-blau-color has-text-color\">La mida importa<\/h2>\n\n\n\n<p>La premsa \u00e9s capa\u00e7 de reduir en m\u00e9s de dues terceres parts el volum dels residus i materials amb qu\u00e8 se l&#8217;alimenta i obt\u00e9 per mitjans mec\u00e0nics r\u00e0tios d&#8217;humitat final inferiors al 10% gr\u00e0cies al seu sistema fiable i durador.<\/p>\n<\/div>\n\n\n\n<div class=\"wp-block-seic-columna-seccio col vertical_centrat esq\">\n<div class=\"wp-block-seic-imatge-control img_control_alt\">\n<figure class=\"wp-block-image size-full\"><img loading=\"lazy\" decoding=\"async\" width=\"2101\" height=\"2234\" src=\"https:\/\/seic-evo.com\/wp-content\/uploads\/prova6.jpeg\" alt=\"\" class=\"wp-image-1805\" srcset=\"https:\/\/seic-evo.com\/wp-content\/uploads\/prova6.jpeg 2101w, https:\/\/seic-evo.com\/wp-content\/uploads\/prova6-282x300.jpeg 282w, https:\/\/seic-evo.com\/wp-content\/uploads\/prova6-963x1024.jpeg 963w, https:\/\/seic-evo.com\/wp-content\/uploads\/prova6-768x817.jpeg 768w, https:\/\/seic-evo.com\/wp-content\/uploads\/prova6-1445x1536.jpeg 1445w, https:\/\/seic-evo.com\/wp-content\/uploads\/prova6-1926x2048.jpeg 1926w\" sizes=\"auto, (max-width: 2101px) 100vw, 2101px\" \/><\/figure>\n<\/div>\n<\/div>\n<\/div><\/div><\/div>\n\n\n\n<div class=\"wp-block-seic-seccio-dos-cols section fons-blau com-filet seic-100-height padding-mig dos-columnes\" data-anchor=\"Procesos-circulars\" data-navtt=\"Procesos circulars\"><div class=\"wrapper-bg-color\"><div class=\"maq-contenidor\">\n<div class=\"wp-block-seic-columna-seccio col vertical_centrat esq\">\n<div class=\"wp-block-seic-imatge-control img_control_alt\">\n<figure class=\"wp-block-image size-large\"><img loading=\"lazy\" decoding=\"async\" width=\"745\" height=\"1024\" src=\"https:\/\/seic-evo.com\/wp-content\/uploads\/fangspremsats2-745x1024.jpeg\" alt=\"\" class=\"wp-image-1696\" srcset=\"https:\/\/seic-evo.com\/wp-content\/uploads\/fangspremsats2-745x1024.jpeg 745w, https:\/\/seic-evo.com\/wp-content\/uploads\/fangspremsats2-218x300.jpeg 218w, https:\/\/seic-evo.com\/wp-content\/uploads\/fangspremsats2-768x1056.jpeg 768w, https:\/\/seic-evo.com\/wp-content\/uploads\/fangspremsats2-1117x1536.jpeg 1117w, https:\/\/seic-evo.com\/wp-content\/uploads\/fangspremsats2-1489x2048.jpeg 1489w, https:\/\/seic-evo.com\/wp-content\/uploads\/fangspremsats2.jpeg 1745w\" sizes=\"auto, (max-width: 745px) 100vw, 745px\" \/><\/figure>\n<\/div>\n<\/div>\n\n\n\n<div class=\"wp-block-seic-columna-seccio col vertical_centrat esq\">\n<h2 class=\"wp-block-heading is-style-seic-titular-gegant\">El prop\u00f2sit no \u00e9s tan sols el resultat, sin\u00f3 tamb\u00e9 el proc\u00e9s<\/h2>\n\n\n\n<p>Reduir el volum de residus de pl\u00e0stics o de fangs de la depuradora en m\u00e9s de dues terceres parts i poder-los assecar sense vapor, ni gasos recirculants fins a taxes inferiors al 10% d&#8217;humitat. Aix\u00f2 \u00e9s possible amb la pel\u00b7letitzadora Oguma.<\/p>\n<\/div>\n<\/div><\/div><\/div>\n\n\n\n<div class=\"wp-block-seic-seccio-dos-cols section fons-imatge com-filet seic-100-height padding-mig dos-columnes\" data-anchor=\"Imatge-Circularitat-3\" data-navtt=\"Circularitat\"><div class=\"wrapper-bg-img\" style=\"background-image:url(https:\/\/seic-evo.com\/wp-content\/uploads\/background-mostres-1-scaled.jpeg)\"><div class=\"maq-contenidor\">\n<div class=\"wp-block-seic-columna-seccio col vertical_centrat esq\">\n<div class=\"wp-block-seic-imatge-control img_control_alt\"><\/div>\n<\/div>\n\n\n\n<div class=\"wp-block-seic-columna-seccio col vertical_centrat esq\">\n<h2 class=\"wp-block-heading is-style-seic-titular-gegant\"><\/h2>\n<\/div>\n<\/div><\/div><\/div>\n\n\n\n<div class=\"wp-block-seic-seccio-dos-cols section fons-imatge com-filet seic-100-height padding-mig dos-columnes\" data-anchor=\"Imatge-Circularitat-2\" data-navtt=\"Circularitat\"><div class=\"wrapper-bg-img\" style=\"background-image:url(https:\/\/seic-evo.com\/wp-content\/uploads\/oguma-pelletizer.jpg)\"><div class=\"maq-contenidor\">\n<div class=\"wp-block-seic-columna-seccio col vertical_centrat esq\">\n<div class=\"wp-block-seic-imatge-control img_control_alt\"><\/div>\n<\/div>\n\n\n\n<div class=\"wp-block-seic-columna-seccio col vertical_centrat esq\">\n<h2 class=\"wp-block-heading is-style-seic-titular-gegant\"><\/h2>\n<\/div>\n<\/div><\/div><\/div>\n","protected":false},"excerpt":{"rendered":"","protected":false},"author":1,"featured_media":0,"parent":0,"menu_order":0,"comment_status":"closed","ping_status":"closed","template":"maq_fullpage.php","meta":{"footnotes":""},"class_list":["post-1631","page","type-page","status-publish","hentry"],"_links":{"self":[{"href":"https:\/\/seic-evo.com\/ca\/wp-json\/wp\/v2\/pages\/1631","targetHints":{"allow":["GET"]}}],"collection":[{"href":"https:\/\/seic-evo.com\/ca\/wp-json\/wp\/v2\/pages"}],"about":[{"href":"https:\/\/seic-evo.com\/ca\/wp-json\/wp\/v2\/types\/page"}],"author":[{"embeddable":true,"href":"https:\/\/seic-evo.com\/ca\/wp-json\/wp\/v2\/users\/1"}],"replies":[{"embeddable":true,"href":"https:\/\/seic-evo.com\/ca\/wp-json\/wp\/v2\/comments?post=1631"}],"version-history":[{"count":24,"href":"https:\/\/seic-evo.com\/ca\/wp-json\/wp\/v2\/pages\/1631\/revisions"}],"predecessor-version":[{"id":1817,"href":"https:\/\/seic-evo.com\/ca\/wp-json\/wp\/v2\/pages\/1631\/revisions\/1817"}],"wp:attachment":[{"href":"https:\/\/seic-evo.com\/ca\/wp-json\/wp\/v2\/media?parent=1631"}],"curies":[{"name":"wp","href":"https:\/\/api.w.org\/{rel}","templated":true}]}}