{"id":24,"date":"2023-07-27T09:28:56","date_gmt":"2023-07-27T07:28:56","guid":{"rendered":"https:\/\/seic-evo.com\/?page_id=24"},"modified":"2024-04-15T09:25:57","modified_gmt":"2024-04-15T07:25:57","slug":"seic","status":"publish","type":"page","link":"https:\/\/seic-evo.com\/ca\/seic\/","title":{"rendered":"SEIC Evo"},"content":{"rendered":"\n<div class=\"wp-block-seic-capcalera section seic--height fp-auto-height fp-seic-height-75 __hide_slidesNav com-filet filet-abaix\" data-anchor=\"\" data-navtt=\"\">\n<div class=\"wp-block-seic-capcalera-item __slick-slide mod-slide blanc\"><div class=\"maq-contenidor\"><p class=\"com_titular_3\">Haur\u00edem d&#8217;utilitzar el passat com a trampol\u00ed, no com a sof\u00e0.<\/p><p class=\"com_titular_4\">Harold Macmillan\u00a0(1894-1986)<br>Pol\u00edtic brit\u00e0nic<\/p><\/div><div class=\"blured\" style=\"background-image:url(https:\/\/seic-evo.com\/wp-content\/uploads\/ABOUT-sLIDER-01-1.jpg)\"><\/div><div class=\"fixed\"><\/div><\/div>\n<\/div>\n\n\n\n<div class=\"wp-block-seic-seccio-dos-cols section fons-blanc com-filet seic-100-height padding-mig dos-columnes\" data-anchor=\"SEIC-Evo\" data-navtt=\"SEIC Evo\"><div class=\"wrapper-bg-color\"><div class=\"maq-contenidor\">\n<div class=\"wp-block-seic-columna-seccio col vertical_centrat esq\">\n<h2 class=\"wp-block-heading is-style-seic-titular-gran\">Proposem un canvi transformador.<\/h2>\n<\/div>\n\n\n\n<div class=\"wp-block-seic-columna-seccio col vertical_centrat esq\">\n<p>L\u2019adopci\u00f3 d\u2019una tecnologia basada en una producci\u00f3 responsable representa una evoluci\u00f3 que redueix el desaprofitament de recursos.<\/p>\n\n\n\n<p>Els reptes als quals ens enfrontem s\u00f3n la disminuci\u00f3 d&#8217;impactes ambientals, la innovaci\u00f3 tecnol\u00f2gica i la sostenibilitat dels nostres processos.<\/p>\n<\/div>\n<\/div><\/div><\/div>\n\n\n\n<div class=\"wp-block-seic-seccio-dos-cols section fons-blau com-filet seic-100-height padding-mig dos-columnes\" data-anchor=\"Com-pensem\" data-navtt=\"Com pensem\"><div class=\"wrapper-bg-color\"><div class=\"maq-contenidor\">\n<div class=\"wp-block-seic-columna-seccio col vertical_centrat esq\">\n<h2 class=\"wp-block-heading is-style-seic-titular-gegant has-com-color-crema-color has-text-color has-link-color wp-elements-e5ec8602bcf36c0dbdb608c34d5afc6f\">Com pensem<\/h2>\n\n\n\n<p>La nostra filosofia es basa en un equilibri entre aquests trets fonamentals:<\/p>\n\n\n\n<p><strong>SOSTENIBILITAT<\/strong>.<br>El respecte pel planeta \u00e9s imprescindible pel nostre dem\u00e0.<\/p>\n\n\n\n<p><strong>ECONOMIA<\/strong>.<br>Una producci\u00f3 responsable contribueix a una major efici\u00e8ncia. El rendiment econ\u00f2mic l&#8217;aconseguim a partir d&#8217;una producci\u00f3 responsable.<\/p>\n\n\n\n<p><strong>INNOVACI\u00d3<\/strong>.<br>La recerca de nous processos \u00e9s el constant impulsor de la ind\u00fastria.<\/p>\n\n\n\n<p><strong>TRANSFORMACI\u00d3<\/strong>.<br>El futur de la producci\u00f3 passa per repensar, reutilitzar i convertir.<\/p>\n\n\n\n<p><strong>EQUIP<\/strong>.<br>Les persones s\u00f3n la pe\u00e7a imprescindible fonamental en tots els nostres projectes.<\/p>\n<\/div>\n\n\n\n<div class=\"wp-block-seic-columna-seccio col vertical_centrat esq\">\n<div class=\"wp-block-seic-imatge-control img_control_alt\">\n<figure class=\"wp-block-image size-large\"><img loading=\"lazy\" decoding=\"async\" width=\"768\" height=\"1024\" src=\"https:\/\/seic-evo.com\/wp-content\/uploads\/image00018-768x1024.jpg\" alt=\"\" class=\"wp-image-154\" srcset=\"https:\/\/seic-evo.com\/wp-content\/uploads\/image00018-768x1024.jpg 768w, https:\/\/seic-evo.com\/wp-content\/uploads\/image00018-225x300.jpg 225w, https:\/\/seic-evo.com\/wp-content\/uploads\/image00018-1152x1536.jpg 1152w, https:\/\/seic-evo.com\/wp-content\/uploads\/image00018-1536x2048.jpg 1536w, https:\/\/seic-evo.com\/wp-content\/uploads\/image00018.jpg 1871w\" sizes=\"auto, (max-width: 768px) 100vw, 768px\" \/><\/figure>\n<\/div>\n<\/div>\n<\/div><\/div><\/div>\n\n\n\n<div class=\"wp-block-seic-seccio-dos-cols section fons-imatge com-filet seic-100-height padding-mig dos-columnes\" data-anchor=\"Creem-tecnologia\" data-navtt=\"Creem tecnologia\"><div class=\"wrapper-bg-img\" style=\"background-image:url(https:\/\/seic-evo.com\/wp-content\/uploads\/image00058-1.jpg)\"><div class=\"maq-contenidor\">\n<div class=\"wp-block-seic-columna-seccio col vertical_centrat esq\">\n<div class=\"wp-block-seic-imatge-control img_control_alt\"><\/div>\n<\/div>\n\n\n\n<div class=\"wp-block-seic-columna-seccio col vertical_centrat esq\">\n<h2 class=\"wp-block-heading is-style-seic-titular-gegant has-com-color-blanc-color has-text-color has-link-color wp-elements-8e28d88f37a32f956d315dafd69c4704\">Creem tecnologia<\/h2>\n\n\n\n<p class=\"has-com-color-blanc-color has-text-color has-link-color wp-elements-aa3742226bab2391cc13255a0f4fcfc6\">Els principals valors que aportem des de SEIC en el desenvolupament de solucions per al sector industrial del paper i la cel\u00b7lulosa s\u00f3n els nostres coneixements t\u00e8cnics i la nostra experi\u00e8ncia. Aix\u00f2, afegit a una feina sempre al costat del client i una elevada consci\u00e8ncia mediambiental, fa possible la creaci\u00f3 de noves alternatives que donen una resposta innovadora, responsable i eficient als reptes i oportunitats de les empreses del segle XXI.<\/p>\n<\/div>\n<\/div><\/div><\/div>\n\n\n\n<div class=\"wp-block-seic-seccio-dos-cols section fons-blanc com-filet seic-100-height padding-mig dos-columnes\" data-anchor=\"Valoritzem-aprofitem\" data-navtt=\"Valoritzem i aprofitem\"><div class=\"wrapper-bg-color\"><div class=\"maq-contenidor\">\n<div class=\"wp-block-seic-columna-seccio col vertical_centrat esq\">\n<h2 class=\"wp-block-heading is-style-seic-titular-gegant has-com-color-blau-color has-text-color\">Valoritzem i aprofitem<\/h2>\n\n\n\n<p>A SEIC, ens motiva la valoritzaci\u00f3 de recursos i mat\u00e8ries que altres donen per perduts.<\/p>\n\n\n\n<p>La nostra satisfacci\u00f3 \u00e9s la de fer possible projectes que optimitzin recursos, que no perjudiquin el medi ambient i dels quals ens puguem sentir orgullosos.<\/p>\n\n\n\n<p>Pensem sempre en la millora global i en l\u2019evoluci\u00f3 sostenible dels processos.<\/p>\n<\/div>\n\n\n\n<div class=\"wp-block-seic-columna-seccio col vertical_centrat esq\">\n<div class=\"wp-block-seic-imatge-control img_control_alt\">\n<figure class=\"wp-block-image size-large\"><img loading=\"lazy\" decoding=\"async\" width=\"768\" height=\"1024\" src=\"https:\/\/seic-evo.com\/wp-content\/uploads\/image00017-768x1024.jpg\" alt=\"\" class=\"wp-image-153\" srcset=\"https:\/\/seic-evo.com\/wp-content\/uploads\/image00017-768x1024.jpg 768w, https:\/\/seic-evo.com\/wp-content\/uploads\/image00017-225x300.jpg 225w, https:\/\/seic-evo.com\/wp-content\/uploads\/image00017-1152x1536.jpg 1152w, https:\/\/seic-evo.com\/wp-content\/uploads\/image00017-1536x2048.jpg 1536w, https:\/\/seic-evo.com\/wp-content\/uploads\/image00017.jpg 1871w\" sizes=\"auto, (max-width: 768px) 100vw, 768px\" \/><\/figure>\n<\/div>\n<\/div>\n<\/div><\/div><\/div>\n\n\n\n<div class=\"wp-block-seic-seccio-dos-cols section fons-blau com-filet seic-100-height padding-mig dos-columnes\" data-anchor=\"Transformem-reconnectem\" data-navtt=\"Transformem i reconnectem\"><div class=\"wrapper-bg-color\"><div class=\"maq-contenidor\">\n<div class=\"wp-block-seic-columna-seccio col vertical_centrat esq\">\n<div class=\"wp-block-seic-imatge-control img_control_alt\">\n<figure class=\"wp-block-image size-large\"><img loading=\"lazy\" decoding=\"async\" width=\"768\" height=\"1024\" src=\"https:\/\/seic-evo.com\/wp-content\/uploads\/image00048-768x1024.jpg\" alt=\"\" class=\"wp-image-383\" srcset=\"https:\/\/seic-evo.com\/wp-content\/uploads\/image00048-768x1024.jpg 768w, https:\/\/seic-evo.com\/wp-content\/uploads\/image00048-225x300.jpg 225w, https:\/\/seic-evo.com\/wp-content\/uploads\/image00048-1152x1536.jpg 1152w, https:\/\/seic-evo.com\/wp-content\/uploads\/image00048-1536x2048.jpg 1536w, https:\/\/seic-evo.com\/wp-content\/uploads\/image00048.jpg 1871w\" sizes=\"auto, (max-width: 768px) 100vw, 768px\" \/><\/figure>\n<\/div>\n<\/div>\n\n\n\n<div class=\"wp-block-seic-columna-seccio col vertical_centrat esq\">\n<h2 class=\"wp-block-heading is-style-seic-titular-gegant\">Transformem i reconnectem amb la natura<\/h2>\n\n\n\n<p>Fonamentem el desenvolupament de tecnologia, la generaci\u00f3 de nous usos per mat\u00e8ries naturals, com el paper o la cel\u00b7lulosa, en una transformaci\u00f3 sostenible. Sempre amb la premissa de minimitzar emissions i abocaments, tant durant el proc\u00e9s de creaci\u00f3 de la mateixa, com en la seva posterior posada en marxa i utilitzaci\u00f3. Perqu\u00e8 creiem que no podem transformar res si aix\u00f2 implica empitjorar l&#8217;ambient.<\/p>\n<\/div>\n<\/div><\/div><\/div>\n\n\n\n<div class=\"wp-block-seic-seccio-dos-cols section fons-crema com-filet seic-100-height padding-mig dos-columnes\" data-anchor=\"Confian\u00e7a\" data-navtt=\"Creiem en la confian\u00e7a\"><div class=\"wrapper-bg-color\"><div class=\"maq-contenidor\">\n<div class=\"wp-block-seic-columna-seccio col vertical_centrat esq\">\n<h2 class=\"wp-block-heading is-style-seic-titular-gegant has-com-color-blanc-color has-text-color\">Creiem en la confian\u00e7a<\/h2>\n\n\n\n<p>Els projectes dels nostres clients s\u00f3n vestits a mida. Cada soluci\u00f3 \u00e9s \u00fanica i&nbsp; treballem amb discreci\u00f3 i confidencialitat.<\/p>\n\n\n\n<p>Considerem cada projecte com a propi, pensant en aconseguir la plena satisfacci\u00f3 del nostre client i del nostre equip.<\/p>\n<\/div>\n\n\n\n<div class=\"wp-block-seic-columna-seccio col vertical_centrat esq\">\n<div class=\"wp-block-seic-imatge-control img_control_alt\">\n<figure class=\"wp-block-image size-large\"><img loading=\"lazy\" decoding=\"async\" width=\"739\" height=\"1024\" src=\"https:\/\/seic-evo.com\/wp-content\/uploads\/SEIC-03-739x1024.jpg\" alt=\"\" class=\"wp-image-196\" srcset=\"https:\/\/seic-evo.com\/wp-content\/uploads\/SEIC-03-739x1024.jpg 739w, https:\/\/seic-evo.com\/wp-content\/uploads\/SEIC-03-216x300.jpg 216w, https:\/\/seic-evo.com\/wp-content\/uploads\/SEIC-03-768x1065.jpg 768w, https:\/\/seic-evo.com\/wp-content\/uploads\/SEIC-03-1108x1536.jpg 1108w, https:\/\/seic-evo.com\/wp-content\/uploads\/SEIC-03-1478x2048.jpg 1478w, https:\/\/seic-evo.com\/wp-content\/uploads\/SEIC-03.jpg 1800w\" sizes=\"auto, (max-width: 739px) 100vw, 739px\" \/><\/figure>\n<\/div>\n<\/div>\n<\/div><\/div><\/div>\n\n\n\n<div class=\"wp-block-seic-seccio-dos-cols section fons-blanc com-filet seic-100-height padding-mig dos-columnes\" data-anchor=\"Equip\" data-navtt=\"Equip\"><div class=\"wrapper-bg-color\"><div class=\"maq-contenidor\">\n<div class=\"wp-block-seic-columna-seccio col vertical_centrat esq\">\n<div class=\"wp-block-seic-imatge-control img_control_alt\">\n<figure class=\"wp-block-image size-large\"><img loading=\"lazy\" decoding=\"async\" width=\"768\" height=\"1024\" src=\"https:\/\/seic-evo.com\/wp-content\/uploads\/image00005-768x1024.jpg\" alt=\"\" class=\"wp-image-151\" srcset=\"https:\/\/seic-evo.com\/wp-content\/uploads\/image00005-768x1024.jpg 768w, https:\/\/seic-evo.com\/wp-content\/uploads\/image00005-225x300.jpg 225w, https:\/\/seic-evo.com\/wp-content\/uploads\/image00005-1152x1536.jpg 1152w, https:\/\/seic-evo.com\/wp-content\/uploads\/image00005-1536x2048.jpg 1536w, https:\/\/seic-evo.com\/wp-content\/uploads\/image00005.jpg 1871w\" sizes=\"auto, (max-width: 768px) 100vw, 768px\" \/><\/figure>\n<\/div>\n<\/div>\n\n\n\n<div class=\"wp-block-seic-columna-seccio col vertical_centrat esq\">\n<h2 class=\"wp-block-heading is-style-seic-titular-gegant has-com-color-blau-color has-text-color\">Equip<\/h2>\n\n\n\n<p>El nostre equip el formen professionals de diverses especialitats, per tal de donar solucions globals i estudiades des de tots els angles:<\/p>\n\n\n\n<p>\u2013 Enginyeria<br>\u2013 Processos<br>\u2013 Mec\u00e0nica<br>\u2013 Electr\u00f2nica i control<br>\u2013 Biologia<br>\u2013 Financer<\/p>\n<\/div>\n<\/div><\/div><\/div>\n","protected":false},"excerpt":{"rendered":"","protected":false},"author":1,"featured_media":0,"parent":0,"menu_order":0,"comment_status":"closed","ping_status":"closed","template":"maq_fullpage.php","meta":{"footnotes":""},"class_list":["post-24","page","type-page","status-publish","hentry"],"_links":{"self":[{"href":"https:\/\/seic-evo.com\/ca\/wp-json\/wp\/v2\/pages\/24","targetHints":{"allow":["GET"]}}],"collection":[{"href":"https:\/\/seic-evo.com\/ca\/wp-json\/wp\/v2\/pages"}],"about":[{"href":"https:\/\/seic-evo.com\/ca\/wp-json\/wp\/v2\/types\/page"}],"author":[{"embeddable":true,"href":"https:\/\/seic-evo.com\/ca\/wp-json\/wp\/v2\/users\/1"}],"replies":[{"embeddable":true,"href":"https:\/\/seic-evo.com\/ca\/wp-json\/wp\/v2\/comments?post=24"}],"version-history":[{"count":49,"href":"https:\/\/seic-evo.com\/ca\/wp-json\/wp\/v2\/pages\/24\/revisions"}],"predecessor-version":[{"id":1577,"href":"https:\/\/seic-evo.com\/ca\/wp-json\/wp\/v2\/pages\/24\/revisions\/1577"}],"wp:attachment":[{"href":"https:\/\/seic-evo.com\/ca\/wp-json\/wp\/v2\/media?parent=24"}],"curies":[{"name":"wp","href":"https:\/\/api.w.org\/{rel}","templated":true}]}}