{"id":6,"date":"2023-07-27T09:24:33","date_gmt":"2023-07-27T07:24:33","guid":{"rendered":"https:\/\/seic-evo.com\/?page_id=6"},"modified":"2024-04-12T13:46:55","modified_gmt":"2024-04-12T11:46:55","slug":"inici","status":"publish","type":"page","link":"https:\/\/seic-evo.com\/ca\/","title":{"rendered":"Inici"},"content":{"rendered":"\n<div class=\"wp-block-seic-capcalera section seic-100-height 100fp-auto-height 100fp-seic-height-75 __hide_slidesNav com-filet filet-abaix\" data-anchor=\"\" data-navtt=\"\">\n<div class=\"wp-block-seic-capcalera-item __slick-slide mod-slide blanc\"><div class=\"maq-contenidor\"><p class=\"com_titular_3\">Fibres naturals provinents de restes d\u2019agricultura<\/p><p class=\"com_titular_4\">La responsabilitat ecol\u00f2gica ja no \u00e9s una bondat, <br>\u00e9s una necessitat.<\/p><\/div><div class=\"blured\" style=\"background-image:url(https:\/\/seic-evo.com\/wp-content\/uploads\/HOME-Sliders-04.jpg)\"><\/div><div class=\"fixed\"><\/div><\/div>\n\n\n\n<div class=\"wp-block-seic-capcalera-item __slick-slide mod-slide blanc\"><div class=\"maq-contenidor\"><p class=\"com_titular_3\">Aprofitament de fibres no usades en processos alimentaris<\/p><p class=\"com_titular_4\">Necessitat de fer les coses, millorant l\u2019entorn i<br> fent coses diferents.<\/p><\/div><div class=\"blured\" style=\"background-image:url(https:\/\/seic-evo.com\/wp-content\/uploads\/HOME-Sliders-01.jpg)\"><\/div><div class=\"fixed\"><\/div><\/div>\n\n\n\n<div class=\"wp-block-seic-capcalera-item __slick-slide mod-slide blanc\"><div class=\"maq-contenidor\"><p class=\"com_titular_3\">Disminuci\u00f3 de la depend\u00e8ncia de fibres d\u2019arbres<\/p><p class=\"com_titular_4\">Diferents, on els nostres projectes fan un m\u00f3n m\u00e9s sostenible.<\/p><\/div><div class=\"blured\" style=\"background-image:url(https:\/\/seic-evo.com\/wp-content\/uploads\/HOME-Sliders-03.jpg)\"><\/div><div class=\"fixed\"><\/div><\/div>\n\n\n\n<div class=\"wp-block-seic-capcalera-item __slick-slide mod-slide blanc\"><div class=\"maq-contenidor\"><p class=\"com_titular_3\">Obtenci\u00f3 de barreres sostenibles<\/p><p class=\"com_titular_4\">Sostenibles per ser conseq\u00fcents.<\/p><\/div><div class=\"blured\" style=\"background-image:url(https:\/\/seic-evo.com\/wp-content\/uploads\/HOME-Sliders-02.jpg)\"><\/div><div class=\"fixed\"><\/div><\/div>\n\n\n\n<div class=\"wp-block-seic-capcalera-item __slick-slide mod-slide blanc\"><div class=\"maq-contenidor\"><p class=\"com_titular_3\">Fugir de la utilitzaci\u00f3 de pl\u00e0stics en els processos amb fibres<\/p><p class=\"com_titular_4\">Ser conseq\u00fcents \u00e9s el que ens motiva.<\/p><\/div><div class=\"blured\" style=\"background-image:url(https:\/\/seic-evo.com\/wp-content\/uploads\/HOME-Sliders-05.jpg)\"><\/div><div class=\"fixed\"><\/div><\/div>\n<\/div>\n\n\n\n<div class=\"wp-block-seic-seccio-dos-cols section fons-blanc com-filet seic-100-height padding-mig dos-columnes\" data-anchor=\"Benvinguts\" data-navtt=\"Benvinguts\"><div class=\"wrapper-bg-color\"><div class=\"maq-contenidor\">\n<div class=\"wp-block-seic-columna-seccio col vertical_centrat esq\">\n<h2 class=\"wp-block-heading is-style-seic-titular-gran has-com-color-blau-color has-text-color\">El rendiment econ\u00f2mic l\u2019aconseguim a partir d\u2019una producci\u00f3 responsable.<\/h2>\n<\/div>\n\n\n\n<div class=\"wp-block-seic-columna-seccio col vertical_centrat esq\">\n<p>Els principals valors que aportem des de SEIC en el desenvolupament de solucions per al sector industrial del paper i la cel\u00b7lulosa s\u00f3n els nostres coneixements t\u00e8cnics i la nostra experi\u00e8ncia.<\/p>\n\n\n\n<p>A SEIC, ens motiva la valoritzaci\u00f3 de residus o mat\u00e8ries que altres ja donen per perduts i fonamentem el desenvolupament de tecnologia, la generaci\u00f3 de nous usos per mat\u00e8ries naturals, com el paper o la cel\u00b7lulosa, en una transformaci\u00f3 sostenible.<\/p>\n<\/div>\n<\/div><\/div><\/div>\n\n\n\n<div class=\"wp-block-seic-seccio-una-col section fons-blau com-filet fp-auto-height __padding-mig __dos-columnes\" data-anchor=\"dades\" data-navtt=\"Algunes dades\"><div class=\"maq-contenidor\">\n<div class=\"wp-block-seic-pindola mod-pindola com_amb_bg\"><p class=\"com_titular_1 com_color_crema com_seic_papallona\">1,6 milions<\/p><p>de tones de pl\u00e0stic d\u2019un sol \u00fas.<br>\u00c9s el que Espanya genera cada any,<br>equivalent a una producci\u00f3 de 34 kg per persona i any.<\/p><\/div>\n\n\n\n<div class=\"wp-block-seic-pindola mod-pindola com_amb_bg\"><p class=\"com_titular_1 com_color_crema com_seic_papallona\">900 milions<\/p><p>d&#8217;arbres que es talen cada any al m\u00f3n.<\/p><\/div>\n\n\n\n<div class=\"wp-block-seic-pindola mod-pindola com_amb_bg\"><p class=\"com_titular_1 com_color_crema com_seic_papallona\">1 Tona<\/p><p>de cel\u00b7lulosa que no provingui d\u2019arbres<br>salva 17 arbres de ser tallats.<\/p><\/div>\n<\/div><\/div>\n\n\n\n<div class=\"wp-block-seic-seccio-dos-cols section fons-crema com-filet seic-100-height padding-mig dos-columnes\" data-anchor=\"serveis\" data-navtt=\"Serveis d'enginyeria\"><div class=\"wrapper-bg-color\"><div class=\"maq-contenidor\">\n<div class=\"wp-block-seic-columna-seccio col vertical_superior esq\">\n<div class=\"wp-block-seic-receptor-imatges img_control_alt mod-selector-target\"><\/div>\n<\/div>\n\n\n\n<div class=\"wp-block-seic-columna-seccio col vertical_superior esq\">\n<p class=\"is-style-seic-titular-gegant has-com-color-blanc-color has-text-color\">Serveis<br>d&#8217;enginyeria<\/p>\n\n\n\n<p>Els projectes dels nostres clients s\u00f3n vestits a mida. Cadascun d\u2019ells suposa un repte \u00fanic i, en conseq\u00fc\u00e8ncia, les solucions tamb\u00e9. Sempre al costat del client i una elevada consci\u00e8ncia mediambiental fa possible la creaci\u00f3 de noves alternatives que donen una resposta innovadora, responsable i eficient als reptes i mancances de les empreses del segle XXI.<\/p>\n\n\n\n<div class=\"wp-block-seic-links-imatges mod-selector\"><ul>\n<li data-img=\"https:\/\/seic-evo.com\/wp-content\/uploads\/image00077-1.jpg\" class=\"wp-block-seic-links-imatges-item\"><a href=\"https:\/\/seic-evo.com\/enginyeria\/#Assessorament-industrial\">Assessorament industrial<\/a><\/li>\n\n\n\n<li data-img=\"https:\/\/seic-evo.com\/wp-content\/uploads\/image00043.jpg\" class=\"wp-block-seic-links-imatges-item\"><a href=\"https:\/\/seic-evo.com\/enginyeria\/#Projectes-en-innovaci%C3%B3\">Projectes en innovaci\u00f3 i investigaci\u00f3 cel\u00b7lul\u00f2sica<\/a><\/li>\n\n\n\n<li data-img=\"https:\/\/seic-evo.com\/wp-content\/uploads\/image_67189505.jpg\" class=\"wp-block-seic-links-imatges-item\"><a href=\"https:\/\/seic-evo.com\/enginyeria\/#Barreres-sostenibles\">Barreres sostenibles<\/a><\/li>\n\n\n\n<li data-img=\"https:\/\/seic-evo.com\/wp-content\/uploads\/image00033.jpg\" class=\"wp-block-seic-links-imatges-item\"><a href=\"https:\/\/seic-evo.com\/enginyeria\/#Optimitzaci%C3%B3-processos\">Optimitzaci\u00f3 de processos<\/a><\/li>\n\n\n\n<li data-img=\"https:\/\/seic-evo.com\/wp-content\/uploads\/automatismes.jpg\" class=\"wp-block-seic-links-imatges-item\"><a href=\"https:\/\/seic-evo.com\/enginyeria\/#Automatitzaci%C3%B3-processos\">Automatitzaci\u00f3 de processos<\/a><\/li>\n\n\n\n<li data-img=\"https:\/\/seic-evo.com\/wp-content\/uploads\/SEIC-04.jpg\" class=\"wp-block-seic-links-imatges-item\"><a href=\"https:\/\/seic-evo.com\/enginyeria\/#SCADA\">SCADA<\/a><\/li>\n\n\n\n<li data-img=\"https:\/\/seic-evo.com\/wp-content\/uploads\/SEIC-05.jpg\" class=\"wp-block-seic-links-imatges-item\"><a href=\"https:\/\/seic-evo.com\/enginyeria\/#Projectes-claus-en-m%C3%A0\">Projectes claus en m\u00e0<\/a><\/li>\n\n\n\n<li data-img=\"https:\/\/seic-evo.com\/wp-content\/uploads\/SEIC-5.jpg\" class=\"wp-block-seic-links-imatges-item\"><a href=\"https:\/\/seic-evo.com\/enginyeria\/#Formaci%C3%B3-equips\">Formaci\u00f3 d\u2019equips<\/a><\/li>\n\n\n\n<li data-img=\"https:\/\/seic-evo.com\/wp-content\/uploads\/SEIC-11.jpg\" class=\"wp-block-seic-links-imatges-item\"><a href=\"https:\/\/seic-evo.com\/enginyeria\/#Plans-negoci\">Plans de negoci i recerca d\u2019ajudes<\/a><\/li>\n<\/ul><\/div>\n<\/div>\n<\/div><\/div><\/div>\n","protected":false},"excerpt":{"rendered":"","protected":false},"author":1,"featured_media":0,"parent":0,"menu_order":0,"comment_status":"closed","ping_status":"closed","template":"maq_fullpage.php","meta":{"footnotes":""},"class_list":["post-6","page","type-page","status-publish","hentry"],"_links":{"self":[{"href":"https:\/\/seic-evo.com\/ca\/wp-json\/wp\/v2\/pages\/6","targetHints":{"allow":["GET"]}}],"collection":[{"href":"https:\/\/seic-evo.com\/ca\/wp-json\/wp\/v2\/pages"}],"about":[{"href":"https:\/\/seic-evo.com\/ca\/wp-json\/wp\/v2\/types\/page"}],"author":[{"embeddable":true,"href":"https:\/\/seic-evo.com\/ca\/wp-json\/wp\/v2\/users\/1"}],"replies":[{"embeddable":true,"href":"https:\/\/seic-evo.com\/ca\/wp-json\/wp\/v2\/comments?post=6"}],"version-history":[{"count":28,"href":"https:\/\/seic-evo.com\/ca\/wp-json\/wp\/v2\/pages\/6\/revisions"}],"predecessor-version":[{"id":1570,"href":"https:\/\/seic-evo.com\/ca\/wp-json\/wp\/v2\/pages\/6\/revisions\/1570"}],"wp:attachment":[{"href":"https:\/\/seic-evo.com\/ca\/wp-json\/wp\/v2\/media?parent=6"}],"curies":[{"name":"wp","href":"https:\/\/api.w.org\/{rel}","templated":true}]}}