{"id":1363,"date":"2023-11-23T09:59:13","date_gmt":"2023-11-23T07:59:13","guid":{"rendered":"https:\/\/seic-evo.com\/circularitat\/"},"modified":"2024-04-15T14:09:54","modified_gmt":"2024-04-15T12:09:54","slug":"circularidad","status":"publish","type":"page","link":"https:\/\/seic-evo.com\/es\/circularidad\/","title":{"rendered":"Circularidad"},"content":{"rendered":"\n<div class=\"wp-block-seic-capcalera section seic--height fp-auto-height fp-seic-height-75 __hide_slidesNav com-filet filet-abaix\" data-anchor=\"\" data-navtt=\"\">\n<div class=\"wp-block-seic-capcalera-item __slick-slide mod-slide blanc\"><div class=\"maq-contenidor\"><p class=\"com_titular_3\">El verdadero problema no es si las m\u00e1quinas piensan, sino si lo hacen los hombres.\u00a0<\/p><p class=\"com_titular_4\">Frederic Burrhus Skinner\u00a0 (1904-1990)<br>Psic\u00f3logo, fil\u00f3sofo social, inventor y autor estadounidense<\/p><\/div><div class=\"blured\" style=\"background-image:url(https:\/\/seic-evo.com\/wp-content\/uploads\/CIRCULARITAT-Slider-01-1.jpg)\"><\/div><div class=\"fixed\"><\/div><\/div>\n<\/div>\n\n\n\n<div class=\"wp-block-seic-seccio-dos-cols section fons-blanc com-filet seic-100-height padding-mig dos-columnes\" data-anchor=\"Circularidad\" data-navtt=\"Circularidad\"><div class=\"wrapper-bg-color\"><div class=\"maq-contenidor\">\n<div class=\"wp-block-seic-columna-seccio col vertical_centrat esq\">\n<h2 class=\"wp-block-heading is-style-seic-titular-gran\">El respeto por el planeta y una producci\u00f3n responsable son imprescindibles para el ma\u00f1ana y contribuyen a tener una mayor eficiencia.<\/h2>\n<\/div>\n\n\n\n<div class=\"wp-block-seic-columna-seccio col vertical_centrat esq\">\n<p>En SEIC estamos firmemente convencidos de que el futuro del planeta pasa por una dr\u00e1stica reducci\u00f3n en la generaci\u00f3n de residuos, el reaprovechamiento de materias y la adopci\u00f3n de procesos industriales productivos altamente responsables.<\/p>\n\n\n\n<p>Por eso, ayudamos a empresas de diferentes sectores a crear y adoptar tecnolog\u00edas que contribuyan a alcanzar este horizonte, fundamentando nuestra investigaci\u00f3n y desarrollo de soluciones en estos principios.<\/p>\n<\/div>\n<\/div><\/div><\/div>\n\n\n\n<div class=\"wp-block-seic-seccio-dos-cols section fons-blau com-filet seic-100-height padding-mig dos-columnes\" data-anchor=\"Celulosa\" data-navtt=\"Celulosa\"><div class=\"wrapper-bg-color\"><div class=\"maq-contenidor\">\n<div class=\"wp-block-seic-columna-seccio col vertical_centrat esq\">\n<h2 class=\"wp-block-heading is-style-seic-titular-gegant\">Celulosa<\/h2>\n\n\n\n<p>La celulosa es el biopol\u00edmero m\u00e1s abundante en la naturaleza: un polisac\u00e1rido formado totalmente de betaglucosa. Es el componente fundamental de las paredes celulares de plantas y algas, insoluble y resistente a multitud de ataques qu\u00edmicos.<\/p>\n\n\n\n<p>Por eso, es una de las materias sostenibles y renovables que la naturaleza ofrece para la fabricaci\u00f3n de muchos productos que, posteriormente, podr\u00e1n reciclarse hasta su descomposici\u00f3n natural.<\/p>\n<\/div>\n\n\n\n<div class=\"wp-block-seic-columna-seccio col vertical_centrat esq\">\n<div class=\"wp-block-seic-imatge-control img_control_alt\">\n<figure class=\"wp-block-image size-large\"><img loading=\"lazy\" decoding=\"async\" width=\"768\" height=\"1024\" src=\"https:\/\/seic-evo.com\/wp-content\/uploads\/image00057-768x1024.jpg\" alt=\"\" class=\"wp-image-169\" srcset=\"https:\/\/seic-evo.com\/wp-content\/uploads\/image00057-768x1024.jpg 768w, https:\/\/seic-evo.com\/wp-content\/uploads\/image00057-225x300.jpg 225w, https:\/\/seic-evo.com\/wp-content\/uploads\/image00057-1152x1536.jpg 1152w, https:\/\/seic-evo.com\/wp-content\/uploads\/image00057-1536x2048.jpg 1536w, https:\/\/seic-evo.com\/wp-content\/uploads\/image00057.jpg 1871w\" sizes=\"auto, (max-width: 768px) 100vw, 768px\" \/><\/figure>\n<\/div>\n<\/div>\n<\/div><\/div><\/div>\n\n\n\n<div class=\"wp-block-seic-seccio-dos-cols section fons-crema com-filet seic-100-height padding-mig dos-columnes\" data-anchor=\"Fuentes-sostenibles\" data-navtt=\"Fuentes sostenibles\"><div class=\"wrapper-bg-color\"><div class=\"maq-contenidor\">\n<div class=\"wp-block-seic-columna-seccio col vertical_centrat esq\">\n<div class=\"wp-block-seic-imatge-control img_control_alt\">\n<figure class=\"wp-block-image size-large\"><img loading=\"lazy\" decoding=\"async\" width=\"768\" height=\"1024\" src=\"https:\/\/seic-evo.com\/wp-content\/uploads\/image00059-1-768x1024.jpg\" alt=\"\" class=\"wp-image-321\" srcset=\"https:\/\/seic-evo.com\/wp-content\/uploads\/image00059-1-768x1024.jpg 768w, https:\/\/seic-evo.com\/wp-content\/uploads\/image00059-1-225x300.jpg 225w, https:\/\/seic-evo.com\/wp-content\/uploads\/image00059-1-1152x1536.jpg 1152w, https:\/\/seic-evo.com\/wp-content\/uploads\/image00059-1-1536x2048.jpg 1536w, https:\/\/seic-evo.com\/wp-content\/uploads\/image00059-1.jpg 1871w\" sizes=\"auto, (max-width: 768px) 100vw, 768px\" \/><\/figure>\n<\/div>\n<\/div>\n\n\n\n<div class=\"wp-block-seic-columna-seccio col vertical_centrat esq\">\n<h2 class=\"wp-block-heading is-style-seic-titular-gegant has-com-color-blanc-color has-text-color\">Fuentes sostenibles<\/h2>\n\n\n\n<p>Habitualmente se relaciona la celulosa con el papel y, por extensi\u00f3n, con los \u00e1rboles. Sin embargo, en SEIC buscamos fuentes de celulosa tambi\u00e9n en plantas y algas, la mayor\u00eda rechazos de otras industrias, que se convierten en materia prima para nosotros.<\/p>\n\n\n\n<p>El algod\u00f3n de los tejidos, la paja residual de los cereales, las ca\u00f1as, los frutos o las plantas caducas. \u00c9stos son algunos ejemplos de fuentes sostenibles de celulosa que podemos aprovechar.<\/p>\n<\/div>\n<\/div><\/div><\/div>\n\n\n\n<div class=\"wp-block-seic-seccio-dos-cols section fons-blanc com-filet seic-100-height padding-mig dos-columnes\" data-anchor=\"Aprovechar-los-residuos\" data-navtt=\"Aprovechar los residuos\"><div class=\"wrapper-bg-color\"><div class=\"maq-contenidor\">\n<div class=\"wp-block-seic-columna-seccio col vertical_centrat esq\">\n<h2 class=\"wp-block-heading is-style-seic-titular-gegant has-com-color-blau-color has-text-color\">Aprovechar los residuos<\/h2>\n\n\n\n<p>Un residuo industrial puede ser la materia prima de nuestros proyectos.<\/p>\n\n\n\n<p>Podemos aprovechar el bagazo despu\u00e9s de extraer en forma l\u00edquida el az\u00facar de la ca\u00f1a de az\u00facar. Aprovechar la planta de la tomatera cuando esta ya ha dado sus frutos o la paja de diferentes cereales cuando ya se ha extra\u00eddo el grano. Y podemos trabajar con algas marinas o recuperar la piel y las c\u00e1scaras de los frutos.<\/p>\n\n\n\n<p>En&nbsp;SEIC&nbsp;creemos que la naturaleza nos&nbsp;aprovisiona&nbsp;de lo que necesitamos y hay que saber aprovecharlo de forma responsable.<\/p>\n<\/div>\n\n\n\n<div class=\"wp-block-seic-columna-seccio col vertical_centrat esq\">\n<div class=\"wp-block-seic-imatge-control img_control_alt\">\n<figure class=\"wp-block-image size-large\"><img loading=\"lazy\" decoding=\"async\" width=\"768\" height=\"1024\" src=\"https:\/\/seic-evo.com\/wp-content\/uploads\/image00071-768x1024.jpg\" alt=\"\" class=\"wp-image-183\" srcset=\"https:\/\/seic-evo.com\/wp-content\/uploads\/image00071-768x1024.jpg 768w, https:\/\/seic-evo.com\/wp-content\/uploads\/image00071-225x300.jpg 225w, https:\/\/seic-evo.com\/wp-content\/uploads\/image00071-1152x1536.jpg 1152w, https:\/\/seic-evo.com\/wp-content\/uploads\/image00071-1536x2048.jpg 1536w, https:\/\/seic-evo.com\/wp-content\/uploads\/image00071.jpg 1871w\" sizes=\"auto, (max-width: 768px) 100vw, 768px\" \/><\/figure>\n<\/div>\n<\/div>\n<\/div><\/div><\/div>\n\n\n\n<div class=\"wp-block-seic-seccio-dos-cols section fons-blau com-filet seic-100-height padding-mig dos-columnes\" data-anchor=\"Procesos-circulares\" data-navtt=\"Procesos circulares\"><div class=\"wrapper-bg-color\"><div class=\"maq-contenidor\">\n<div class=\"wp-block-seic-columna-seccio col vertical_centrat esq\">\n<div class=\"wp-block-seic-imatge-control img_control_alt\">\n<figure class=\"wp-block-image size-large\"><img loading=\"lazy\" decoding=\"async\" width=\"768\" height=\"1024\" src=\"https:\/\/seic-evo.com\/wp-content\/uploads\/image00054-768x1024.jpg\" alt=\"\" class=\"wp-image-166\" srcset=\"https:\/\/seic-evo.com\/wp-content\/uploads\/image00054-768x1024.jpg 768w, https:\/\/seic-evo.com\/wp-content\/uploads\/image00054-225x300.jpg 225w, https:\/\/seic-evo.com\/wp-content\/uploads\/image00054-1152x1536.jpg 1152w, https:\/\/seic-evo.com\/wp-content\/uploads\/image00054-1536x2048.jpg 1536w, https:\/\/seic-evo.com\/wp-content\/uploads\/image00054.jpg 1871w\" sizes=\"auto, (max-width: 768px) 100vw, 768px\" \/><\/figure>\n<\/div>\n<\/div>\n\n\n\n<div class=\"wp-block-seic-columna-seccio col vertical_centrat esq\">\n<h2 class=\"wp-block-heading is-style-seic-titular-gegant\">Procesos circulares<\/h2>\n\n\n\n<p>Un proceso es circular cuando se logra cerrar del todo el c\u00edrculo. Cuando no se alcanza y&nbsp;solo&nbsp;se cierra una parte del c\u00edrculo, probablemente se consiguen beneficios econ\u00f3micos, pero&nbsp;tambi\u00e9n se generan rechazos de gran complejidad.<\/p>\n\n\n\n<p>En&nbsp;SEIC, gracias a las herramientas y conocimiento que nos da nuestra experiencia, tenemos como gran prioridad el cierre de los c\u00edrculos: eficiencia productiva con residuos m\u00ednimos y de f\u00e1cil tratamiento.<\/p>\n<\/div>\n<\/div><\/div><\/div>\n\n\n\n<div class=\"wp-block-seic-seccio-dos-cols section fons-imatge com-filet seic-100-height padding-mig dos-columnes\" data-anchor=\"Imagen-Circularidad-1\" data-navtt=\"Circularidad\"><div class=\"wrapper-bg-img\" style=\"background-image:url(https:\/\/seic-evo.com\/wp-content\/uploads\/image00075-scaled.jpg)\"><div class=\"maq-contenidor\">\n<div class=\"wp-block-seic-columna-seccio col vertical_centrat esq\">\n<div class=\"wp-block-seic-imatge-control img_control_alt\"><\/div>\n<\/div>\n\n\n\n<div class=\"wp-block-seic-columna-seccio col vertical_centrat esq\">\n<h2 class=\"wp-block-heading is-style-seic-titular-gegant\"><\/h2>\n<\/div>\n<\/div><\/div><\/div>\n\n\n\n<div class=\"wp-block-seic-seccio-dos-cols section fons-imatge com-filet seic-100-height padding-mig dos-columnes\" data-anchor=\"Imagen-Circularidad-2\" data-navtt=\"Circularidad\"><div class=\"wrapper-bg-img\" style=\"background-image:url(https:\/\/seic-evo.com\/wp-content\/uploads\/IMG_8139.jpg)\"><div class=\"maq-contenidor\">\n<div class=\"wp-block-seic-columna-seccio col vertical_centrat esq\">\n<div class=\"wp-block-seic-imatge-control img_control_alt\"><\/div>\n<\/div>\n\n\n\n<div class=\"wp-block-seic-columna-seccio col vertical_centrat esq\">\n<h2 class=\"wp-block-heading is-style-seic-titular-gegant\"><\/h2>\n<\/div>\n<\/div><\/div><\/div>\n\n\n\n<div class=\"wp-block-seic-seccio-dos-cols section fons-imatge com-filet seic-100-height padding-mig dos-columnes\" data-anchor=\"Imagen-Circularidad-3\" data-navtt=\"Circularidad\"><div class=\"wrapper-bg-img\" style=\"background-image:url(https:\/\/seic-evo.com\/wp-content\/uploads\/IMG_6163.jpg)\"><div class=\"maq-contenidor\">\n<div class=\"wp-block-seic-columna-seccio col vertical_centrat esq\">\n<div class=\"wp-block-seic-imatge-control img_control_alt\"><\/div>\n<\/div>\n\n\n\n<div class=\"wp-block-seic-columna-seccio col vertical_centrat esq\">\n<h2 class=\"wp-block-heading is-style-seic-titular-gegant\"><\/h2>\n<\/div>\n<\/div><\/div><\/div>\n","protected":false},"excerpt":{"rendered":"","protected":false},"author":1,"featured_media":0,"parent":0,"menu_order":0,"comment_status":"closed","ping_status":"closed","template":"maq_fullpage.php","meta":{"footnotes":""},"class_list":["post-1363","page","type-page","status-publish","hentry"],"_links":{"self":[{"href":"https:\/\/seic-evo.com\/es\/wp-json\/wp\/v2\/pages\/1363","targetHints":{"allow":["GET"]}}],"collection":[{"href":"https:\/\/seic-evo.com\/es\/wp-json\/wp\/v2\/pages"}],"about":[{"href":"https:\/\/seic-evo.com\/es\/wp-json\/wp\/v2\/types\/page"}],"author":[{"embeddable":true,"href":"https:\/\/seic-evo.com\/es\/wp-json\/wp\/v2\/users\/1"}],"replies":[{"embeddable":true,"href":"https:\/\/seic-evo.com\/es\/wp-json\/wp\/v2\/comments?post=1363"}],"version-history":[{"count":7,"href":"https:\/\/seic-evo.com\/es\/wp-json\/wp\/v2\/pages\/1363\/revisions"}],"predecessor-version":[{"id":1615,"href":"https:\/\/seic-evo.com\/es\/wp-json\/wp\/v2\/pages\/1363\/revisions\/1615"}],"wp:attachment":[{"href":"https:\/\/seic-evo.com\/es\/wp-json\/wp\/v2\/media?parent=1363"}],"curies":[{"name":"wp","href":"https:\/\/api.w.org\/{rel}","templated":true}]}}