{"id":1365,"date":"2023-11-23T09:51:46","date_gmt":"2023-11-23T07:51:46","guid":{"rendered":"https:\/\/seic-evo.com\/projectes\/"},"modified":"2024-04-15T13:16:19","modified_gmt":"2024-04-15T11:16:19","slug":"proyectos","status":"publish","type":"page","link":"https:\/\/seic-evo.com\/es\/proyectos\/","title":{"rendered":"Proyectos"},"content":{"rendered":"\n<div class=\"wp-block-seic-capcalera section seic--height fp-auto-height fp-seic-height-75 __hide_slidesNav com-filet filet-abaix\" data-anchor=\"\" data-navtt=\"\">\n<div class=\"wp-block-seic-capcalera-item __slick-slide mod-slide blanc\"><div class=\"maq-contenidor\"><p class=\"com_titular_3\">El hombre nunca sabe de lo que es capaz hasta que lo intenta.<\/p><p class=\"com_titular_4\">Charles Dickens (1812-1870)<br>Escritor ingl\u00e9s<\/p><\/div><div class=\"blured\" style=\"background-image:url(https:\/\/seic-evo.com\/wp-content\/uploads\/IMG_8211.jpg)\"><\/div><div class=\"fixed\"><\/div><\/div>\n<\/div>\n\n\n\n<div class=\"wp-block-seic-seccio-dos-cols section fons-blanc com-filet seic-100-height padding-mig dos-columnes\" data-anchor=\"Proyectos\" data-navtt=\"Proyectos\"><div class=\"wrapper-bg-color\"><div class=\"maq-contenidor\">\n<div class=\"wp-block-seic-columna-seccio col vertical_centrat esq\">\n<h2 class=\"wp-block-heading is-style-seic-titular-gran\">Tenemos la estrategia y la visi\u00f3n global, con taller integrado con soluciones eficientes.<\/h2>\n<\/div>\n\n\n\n<div class=\"wp-block-seic-columna-seccio col vertical_centrat esq\">\n<p>En SEIC realizamos proyectos para procesos industriales especializados en la industria papelera y las industrias celul\u00f3sicas relacionadas.<\/p>\n\n\n\n<p>Dise\u00f1amos circuitos de preparaci\u00f3n de pastas: nuestros proyectos proporcionan soluciones para mejoras en circuitos, cambios en circuitos o circuitos totalmente nuevos.<\/p>\n\n\n\n<p>Dise\u00f1amos desde el<em> flow sheet<\/em>, balance y <em>lay out<\/em> de las instalaciones hasta los presupuestos adecuados seg\u00fan las necesidades de los clientes, proponiendo proyectos llave en mano.<\/p>\n\n\n\n<p>Abordamos cada proyecto como un reto \u00fanico y apasionante. Buscando la soluci\u00f3n \u00f3ptima y espec\u00edfica para cada proyecto. Con la ingenier\u00eda integrada, nuestro taller tiene capacidad de prestar un servicio integral, con tecnolog\u00edas digitales como la simulaci\u00f3n 3D, que permite la previa visualizaci\u00f3n del proyecto antes de empezarlo.<\/p>\n<\/div>\n<\/div><\/div><\/div>\n\n\n\n<div class=\"wp-block-seic-seccio-dos-cols section fons-blau com-filet seic-100-height padding-mig dos-columnes\" data-anchor=\"Profesionales-ingenieria\" data-navtt=\"Somos profesionales de la ingenier\u00eda\"><div class=\"wrapper-bg-color\"><div class=\"maq-contenidor\">\n<div class=\"wp-block-seic-columna-seccio col vertical_centrat esq\">\n<h2 class=\"wp-block-heading is-style-seic-titular-gegant has-com-color-blanc-color has-text-color\">Somos profesionales de la ingenier\u00eda<\/h2>\n\n\n\n<p>Disponemos de un taller de 1.000 m\u00b2, con puente gr\u00faa de 6,5 toneladas, y capacidad para fabricar la mayor\u00eda de la maquinaria que necesitan nuestros proyectos.<\/p>\n\n\n\n<p>Tambi\u00e9n podemos llevar a cabo el armado de los elementos y, una vez ya preparados, los llevamos a nuestro centro de desarrollo. All\u00ed hacemos las pruebas de funcionamiento pertinentes y podemos mostrarlas al cliente.<\/p>\n<\/div>\n\n\n\n<div class=\"wp-block-seic-columna-seccio col vertical_centrat esq\">\n<div class=\"wp-block-seic-imatge-control img_control_alt\">\n<figure class=\"wp-block-image size-large\"><img loading=\"lazy\" decoding=\"async\" width=\"758\" height=\"1024\" src=\"https:\/\/seic-evo.com\/wp-content\/uploads\/SEIC-07-2-758x1024.jpg\" alt=\"\" class=\"wp-image-319\" srcset=\"https:\/\/seic-evo.com\/wp-content\/uploads\/SEIC-07-2-758x1024.jpg 758w, https:\/\/seic-evo.com\/wp-content\/uploads\/SEIC-07-2-222x300.jpg 222w, https:\/\/seic-evo.com\/wp-content\/uploads\/SEIC-07-2-768x1037.jpg 768w, https:\/\/seic-evo.com\/wp-content\/uploads\/SEIC-07-2-1137x1536.jpg 1137w, https:\/\/seic-evo.com\/wp-content\/uploads\/SEIC-07-2-1517x2048.jpg 1517w, https:\/\/seic-evo.com\/wp-content\/uploads\/SEIC-07-2.jpg 1895w\" sizes=\"auto, (max-width: 758px) 100vw, 758px\" \/><\/figure>\n<\/div>\n<\/div>\n<\/div><\/div><\/div>\n\n\n\n<div class=\"wp-block-seic-seccio-dos-cols section fons-crema com-filet seic-100-height padding-mig dos-columnes\" data-anchor=\"Imagenes-proyectos-1\" data-navtt=\"Imagenes de proyectos\"><div class=\"wrapper-bg-color\"><div class=\"maq-contenidor\">\n<div class=\"wp-block-seic-columna-seccio col vertical_centrat esq\">\n<div class=\"wp-block-seic-imatge-control img_control_alt\">\n<figure class=\"wp-block-image size-large\"><img loading=\"lazy\" decoding=\"async\" width=\"768\" height=\"1024\" src=\"https:\/\/seic-evo.com\/wp-content\/uploads\/image00074-1-768x1024.jpg\" alt=\"\" class=\"wp-image-394\" srcset=\"https:\/\/seic-evo.com\/wp-content\/uploads\/image00074-1-768x1024.jpg 768w, https:\/\/seic-evo.com\/wp-content\/uploads\/image00074-1-225x300.jpg 225w, https:\/\/seic-evo.com\/wp-content\/uploads\/image00074-1-1152x1536.jpg 1152w, https:\/\/seic-evo.com\/wp-content\/uploads\/image00074-1-1536x2048.jpg 1536w, https:\/\/seic-evo.com\/wp-content\/uploads\/image00074-1.jpg 1871w\" sizes=\"auto, (max-width: 768px) 100vw, 768px\" \/><\/figure>\n<\/div>\n<\/div>\n\n\n\n<div class=\"wp-block-seic-columna-seccio col vertical_centrat\">\n<div class=\"wp-block-seic-imatge-control img_control_alt\">\n<figure class=\"wp-block-image size-large\"><img loading=\"lazy\" decoding=\"async\" width=\"773\" height=\"1024\" src=\"https:\/\/seic-evo.com\/wp-content\/uploads\/galeria1-773x1024.jpg\" alt=\"\" class=\"wp-image-393\" srcset=\"https:\/\/seic-evo.com\/wp-content\/uploads\/galeria1-773x1024.jpg 773w, https:\/\/seic-evo.com\/wp-content\/uploads\/galeria1-227x300.jpg 227w, https:\/\/seic-evo.com\/wp-content\/uploads\/galeria1-768x1017.jpg 768w, https:\/\/seic-evo.com\/wp-content\/uploads\/galeria1.jpg 1160w\" sizes=\"auto, (max-width: 773px) 100vw, 773px\" \/><\/figure>\n<\/div>\n<\/div>\n<\/div><\/div><\/div>\n\n\n\n<div class=\"wp-block-seic-fotofull section fp-auto-height com-filet\" data-anchor=\"Imagenes-proyectos-2\" data-navtt=\"Imagenes de proyectos\"><div class=\"wrapper-bg-img\" style=\"background-image:url(https:\/\/seic-evo.com\/wp-content\/uploads\/IMG_8124.jpg)\"><\/div><\/div>\n\n\n\n<div class=\"wp-block-seic-seccio-dos-cols section fons-blanc com-filet seic-100-height padding-mig dos-columnes\" data-anchor=\"Imagenes-proyectos-3\" data-navtt=\"Imagenes de proyectos\"><div class=\"wrapper-bg-color\"><div class=\"maq-contenidor\">\n<div class=\"wp-block-seic-columna-seccio col vertical_centrat esq\">\n<div class=\"wp-block-seic-imatge-control img_control_alt\">\n<figure class=\"wp-block-image size-large\"><img loading=\"lazy\" decoding=\"async\" width=\"755\" height=\"1024\" src=\"https:\/\/seic-evo.com\/wp-content\/uploads\/IMG_8130-755x1024.jpg\" alt=\"\" class=\"wp-image-395\" srcset=\"https:\/\/seic-evo.com\/wp-content\/uploads\/IMG_8130-755x1024.jpg 755w, https:\/\/seic-evo.com\/wp-content\/uploads\/IMG_8130-221x300.jpg 221w, https:\/\/seic-evo.com\/wp-content\/uploads\/IMG_8130-768x1042.jpg 768w, https:\/\/seic-evo.com\/wp-content\/uploads\/IMG_8130.jpg 1132w\" sizes=\"auto, (max-width: 755px) 100vw, 755px\" \/><\/figure>\n<\/div>\n<\/div>\n\n\n\n<div class=\"wp-block-seic-columna-seccio col vertical_centrat\">\n<div class=\"wp-block-seic-imatge-control img_control_alt\">\n<figure class=\"wp-block-image size-large\"><img loading=\"lazy\" decoding=\"async\" width=\"768\" height=\"1024\" src=\"https:\/\/seic-evo.com\/wp-content\/uploads\/IMG_8489-768x1024.jpg\" alt=\"\" class=\"wp-image-396\" srcset=\"https:\/\/seic-evo.com\/wp-content\/uploads\/IMG_8489-768x1024.jpg 768w, https:\/\/seic-evo.com\/wp-content\/uploads\/IMG_8489-225x300.jpg 225w, https:\/\/seic-evo.com\/wp-content\/uploads\/IMG_8489-1152x1536.jpg 1152w, https:\/\/seic-evo.com\/wp-content\/uploads\/IMG_8489.jpg 1536w\" sizes=\"auto, (max-width: 768px) 100vw, 768px\" \/><\/figure>\n<\/div>\n<\/div>\n<\/div><\/div><\/div>\n\n\n\n<div class=\"wp-block-seic-seccio-dos-cols section fons-blau com-filet seic-100-height padding-mig dos-columnes\" data-anchor=\"Imagenes-proyectos-4\" data-navtt=\"Imagenes de proyectos\"><div class=\"wrapper-bg-color\"><div class=\"maq-contenidor\">\n<div class=\"wp-block-seic-columna-seccio col vertical_centrat esq\">\n<div class=\"wp-block-seic-imatge-control img_control_alt\">\n<figure class=\"wp-block-image size-large\"><img loading=\"lazy\" decoding=\"async\" width=\"768\" height=\"1024\" src=\"https:\/\/seic-evo.com\/wp-content\/uploads\/IMG_8526-768x1024.jpg\" alt=\"\" class=\"wp-image-397\" srcset=\"https:\/\/seic-evo.com\/wp-content\/uploads\/IMG_8526-768x1024.jpg 768w, https:\/\/seic-evo.com\/wp-content\/uploads\/IMG_8526-225x300.jpg 225w, https:\/\/seic-evo.com\/wp-content\/uploads\/IMG_8526-1152x1536.jpg 1152w, https:\/\/seic-evo.com\/wp-content\/uploads\/IMG_8526.jpg 1536w\" sizes=\"auto, (max-width: 768px) 100vw, 768px\" \/><\/figure>\n<\/div>\n<\/div>\n\n\n\n<div class=\"wp-block-seic-columna-seccio col vertical_centrat\">\n<div class=\"wp-block-seic-imatge-control img_control_alt\">\n<figure class=\"wp-block-image size-large\"><img loading=\"lazy\" decoding=\"async\" width=\"744\" height=\"1024\" src=\"https:\/\/seic-evo.com\/wp-content\/uploads\/IMG_9089-744x1024.jpg\" alt=\"\" class=\"wp-image-398\" srcset=\"https:\/\/seic-evo.com\/wp-content\/uploads\/IMG_9089-744x1024.jpg 744w, https:\/\/seic-evo.com\/wp-content\/uploads\/IMG_9089-218x300.jpg 218w, https:\/\/seic-evo.com\/wp-content\/uploads\/IMG_9089-768x1057.jpg 768w, https:\/\/seic-evo.com\/wp-content\/uploads\/IMG_9089.jpg 1116w\" sizes=\"auto, (max-width: 744px) 100vw, 744px\" \/><\/figure>\n<\/div>\n<\/div>\n<\/div><\/div><\/div>\n","protected":false},"excerpt":{"rendered":"","protected":false},"author":1,"featured_media":0,"parent":0,"menu_order":0,"comment_status":"closed","ping_status":"closed","template":"maq_fullpage.php","meta":{"footnotes":""},"class_list":["post-1365","page","type-page","status-publish","hentry"],"_links":{"self":[{"href":"https:\/\/seic-evo.com\/es\/wp-json\/wp\/v2\/pages\/1365","targetHints":{"allow":["GET"]}}],"collection":[{"href":"https:\/\/seic-evo.com\/es\/wp-json\/wp\/v2\/pages"}],"about":[{"href":"https:\/\/seic-evo.com\/es\/wp-json\/wp\/v2\/types\/page"}],"author":[{"embeddable":true,"href":"https:\/\/seic-evo.com\/es\/wp-json\/wp\/v2\/users\/1"}],"replies":[{"embeddable":true,"href":"https:\/\/seic-evo.com\/es\/wp-json\/wp\/v2\/comments?post=1365"}],"version-history":[{"count":3,"href":"https:\/\/seic-evo.com\/es\/wp-json\/wp\/v2\/pages\/1365\/revisions"}],"predecessor-version":[{"id":1600,"href":"https:\/\/seic-evo.com\/es\/wp-json\/wp\/v2\/pages\/1365\/revisions\/1600"}],"wp:attachment":[{"href":"https:\/\/seic-evo.com\/es\/wp-json\/wp\/v2\/media?parent=1365"}],"curies":[{"name":"wp","href":"https:\/\/api.w.org\/{rel}","templated":true}]}}