{"id":1367,"date":"2023-11-23T09:37:44","date_gmt":"2023-11-23T07:37:44","guid":{"rendered":"https:\/\/seic-evo.com\/centre-de-desenvolupament\/"},"modified":"2024-04-15T13:31:21","modified_gmt":"2024-04-15T11:31:21","slug":"centro-de-desarrollo","status":"publish","type":"page","link":"https:\/\/seic-evo.com\/es\/centro-de-desarrollo\/","title":{"rendered":"Centro de desarrollo"},"content":{"rendered":"\n<div class=\"wp-block-seic-capcalera section seic--height fp-auto-height fp-seic-height-75 __hide_slidesNav com-filet filet-abaix\" data-anchor=\"\" data-navtt=\"\">\n<div class=\"wp-block-seic-capcalera-item __slick-slide mod-slide blanc\"><div class=\"maq-contenidor\"><p class=\"com_titular_3\">Cuando pensamos que el d\u00eda de ma\u00f1ana nunca llegar\u00e1, se ha convertido en ayer.<\/p><p class=\"com_titular_4\">Henry ford\u00a0 (1863- 1947)<br>Empresario y emprendedor norteamericano<\/p><\/div><div class=\"blured\" style=\"background-image:url(https:\/\/seic-evo.com\/wp-content\/uploads\/CENTRE-Sliders-02.jpg)\"><\/div><div class=\"fixed\"><\/div><\/div>\n<\/div>\n\n\n\n<div class=\"wp-block-seic-seccio-dos-cols section fons-blanc com-filet seic-100-height padding-mig dos-columnes\" data-anchor=\"Centro-de-desarrollo\" data-navtt=\"Centro de desarrollo\"><div class=\"wrapper-bg-color\"><div class=\"maq-contenidor\">\n<div class=\"wp-block-seic-columna-seccio col vertical_centrat esq\">\n<h2 class=\"wp-block-heading is-style-seic-titular-gran\">Un entorno y un contexto inigualable.<\/h2>\n<\/div>\n\n\n\n<div class=\"wp-block-seic-columna-seccio col vertical_centrat esq\">\n<p>Los espacios SEIC, amplios y especializados, representan nuestro compromiso con el avance de la tecnolog\u00eda celul\u00f3sica. Con un entorno de trabajo dedicado, ofrecemos un marco ideal para proyectos innovadores e investigaciones pioneras en el campo. Nuestras instalaciones proporcionan la infraestructura necesaria para proyectos de gran envergadura, asegurando un entorno \u00f3ptimo para desarrollar e implementar soluciones innovadoras. Estamos orgullosos de colaborar en proyectos que impulsan la excelencia y sostenibilidad en este din\u00e1mico campo.<\/p>\n<\/div>\n<\/div><\/div><\/div>\n\n\n\n<div class=\"wp-block-seic-seccio-dos-cols section fons-crema com-filet seic-100-height padding-mig dos-columnes\" data-anchor=\"Espacios-para-desarrollar\" data-navtt=\"Espacios para desarrollar\"><div class=\"wrapper-bg-color\"><div class=\"maq-contenidor\">\n<div class=\"wp-block-seic-columna-seccio col vertical_centrat esq\">\n<h2 class=\"wp-block-heading is-style-seic-titular-gegant has-com-color-blanc-color has-text-color\">Espacios para desarrollar y repensar<\/h2>\n\n\n\n<p>SEIC goza de un moderno centro de desarrollo, que permite a nuestros profesionales disponer de espacios y tecnolog\u00eda adecuados para trabajar \u00edntegramente las soluciones e innovaciones para nuestros clientes:<\/p>\n\n\n\n<p>\u2013 Cocci\u00f3n, enjuague, lavado y prensado de materias que lo requieran.<br>\u2013 Preparaci\u00f3n de pastas, pulpeado, refinado y depuraci\u00f3n.<br>\u2013 Termoformaci\u00f3n.<br>\u2013 M\u00e1quina de fabricaci\u00f3n de papel.<br>\u2013 Estucadoras.<br>\u2013 Laboratorio de materias primas, proceso y producto final.<br>\u2013 Espacio para <em>partners <\/em>y salas de reuniones.<br>\u2013 SCADA integrado en el proceso.<br>\u2013 Otros procesos confidenciales.<\/p>\n\n\n\n<p>Nuestras instalaciones, de m\u00e1s de 2.000 m\u00b2, est\u00e1n ubicadas en el hist\u00f3rico recinto industrial Guasch de Capellades (Barcelona): un edificio con d\u00e9cadas de historia fabril, en un municipio hist\u00f3ricamente ligado a la producci\u00f3n papelera. Un entorno y un contexto inmejorables.<\/p>\n<\/div>\n\n\n\n<div class=\"wp-block-seic-columna-seccio col vertical_centrat esq\">\n<div class=\"wp-block-seic-imatge-control img_control_alt\">\n<figure class=\"wp-block-image size-large\"><img loading=\"lazy\" decoding=\"async\" width=\"715\" height=\"1024\" src=\"https:\/\/seic-evo.com\/wp-content\/uploads\/IMG_0325-715x1024.jpg\" alt=\"\" class=\"wp-image-348\" srcset=\"https:\/\/seic-evo.com\/wp-content\/uploads\/IMG_0325-715x1024.jpg 715w, https:\/\/seic-evo.com\/wp-content\/uploads\/IMG_0325-209x300.jpg 209w, https:\/\/seic-evo.com\/wp-content\/uploads\/IMG_0325-768x1100.jpg 768w, https:\/\/seic-evo.com\/wp-content\/uploads\/IMG_0325-1072x1536.jpg 1072w, https:\/\/seic-evo.com\/wp-content\/uploads\/IMG_0325.jpg 1195w\" sizes=\"auto, (max-width: 715px) 100vw, 715px\" \/><\/figure>\n<\/div>\n<\/div>\n<\/div><\/div><\/div>\n\n\n\n<div class=\"wp-block-seic-seccio-dos-cols section fons-blanc com-filet seic-100-height padding-mig dos-columnes\" data-anchor=\"Instalaciones\" data-navtt=\"Fotos de instalaciones\"><div class=\"wrapper-bg-color\"><div class=\"maq-contenidor\">\n<div class=\"wp-block-seic-columna-seccio col vertical_centrat\">\n<div class=\"wp-block-seic-imatge-control img_control_alt\">\n<figure class=\"wp-block-image size-large\"><img loading=\"lazy\" decoding=\"async\" width=\"768\" height=\"1024\" src=\"https:\/\/seic-evo.com\/wp-content\/uploads\/image00042-768x1024.jpg\" alt=\"\" class=\"wp-image-389\" srcset=\"https:\/\/seic-evo.com\/wp-content\/uploads\/image00042-768x1024.jpg 768w, https:\/\/seic-evo.com\/wp-content\/uploads\/image00042-225x300.jpg 225w, https:\/\/seic-evo.com\/wp-content\/uploads\/image00042-1152x1536.jpg 1152w, https:\/\/seic-evo.com\/wp-content\/uploads\/image00042-1536x2048.jpg 1536w, https:\/\/seic-evo.com\/wp-content\/uploads\/image00042.jpg 1871w\" sizes=\"auto, (max-width: 768px) 100vw, 768px\" \/><\/figure>\n<\/div>\n<\/div>\n\n\n\n<div class=\"wp-block-seic-columna-seccio col vertical_centrat esq\">\n<div class=\"wp-block-seic-imatge-control img_control_alt\">\n<figure class=\"wp-block-image size-large\"><img loading=\"lazy\" decoding=\"async\" width=\"768\" height=\"1024\" src=\"https:\/\/seic-evo.com\/wp-content\/uploads\/image00014-768x1024.jpg\" alt=\"\" class=\"wp-image-152\" srcset=\"https:\/\/seic-evo.com\/wp-content\/uploads\/image00014-768x1024.jpg 768w, https:\/\/seic-evo.com\/wp-content\/uploads\/image00014-225x300.jpg 225w, https:\/\/seic-evo.com\/wp-content\/uploads\/image00014-1152x1536.jpg 1152w, https:\/\/seic-evo.com\/wp-content\/uploads\/image00014-1536x2048.jpg 1536w, https:\/\/seic-evo.com\/wp-content\/uploads\/image00014.jpg 1871w\" sizes=\"auto, (max-width: 768px) 100vw, 768px\" \/><\/figure>\n<\/div>\n<\/div>\n<\/div><\/div><\/div>\n\n\n\n<div class=\"wp-block-seic-fotofull section fp-auto-height com-filet\" data-anchor=\"instalaciones-1\" data-navtt=\"Fotos de instalaciones\"><div class=\"wrapper-bg-img\" style=\"background-image:url(https:\/\/seic-evo.com\/wp-content\/uploads\/serveis-enginyeria.jpg)\"><\/div><\/div>\n","protected":false},"excerpt":{"rendered":"","protected":false},"author":1,"featured_media":0,"parent":0,"menu_order":0,"comment_status":"closed","ping_status":"closed","template":"maq_fullpage.php","meta":{"footnotes":""},"class_list":["post-1367","page","type-page","status-publish","hentry"],"_links":{"self":[{"href":"https:\/\/seic-evo.com\/es\/wp-json\/wp\/v2\/pages\/1367","targetHints":{"allow":["GET"]}}],"collection":[{"href":"https:\/\/seic-evo.com\/es\/wp-json\/wp\/v2\/pages"}],"about":[{"href":"https:\/\/seic-evo.com\/es\/wp-json\/wp\/v2\/types\/page"}],"author":[{"embeddable":true,"href":"https:\/\/seic-evo.com\/es\/wp-json\/wp\/v2\/users\/1"}],"replies":[{"embeddable":true,"href":"https:\/\/seic-evo.com\/es\/wp-json\/wp\/v2\/comments?post=1367"}],"version-history":[{"count":6,"href":"https:\/\/seic-evo.com\/es\/wp-json\/wp\/v2\/pages\/1367\/revisions"}],"predecessor-version":[{"id":1605,"href":"https:\/\/seic-evo.com\/es\/wp-json\/wp\/v2\/pages\/1367\/revisions\/1605"}],"wp:attachment":[{"href":"https:\/\/seic-evo.com\/es\/wp-json\/wp\/v2\/media?parent=1367"}],"curies":[{"name":"wp","href":"https:\/\/api.w.org\/{rel}","templated":true}]}}