{"id":1369,"date":"2023-11-23T09:05:01","date_gmt":"2023-11-23T07:05:01","guid":{"rendered":"https:\/\/seic-evo.com\/enginyeria\/"},"modified":"2024-04-15T11:53:48","modified_gmt":"2024-04-15T09:53:48","slug":"ingenieria","status":"publish","type":"page","link":"https:\/\/seic-evo.com\/es\/ingenieria\/","title":{"rendered":"Ingenier\u00eda"},"content":{"rendered":"\n<div class=\"wp-block-seic-capcalera section seic--height fp-auto-height fp-seic-height-75 __hide_slidesNav com-filet filet-abaix\" data-anchor=\"\" data-navtt=\"\">\n<div class=\"wp-block-seic-capcalera-item __slick-slide mod-slide blanc extra-llarg\"><div class=\"maq-contenidor\"><p class=\"com_titular_3\">Algunas veces se debe decidir entre una cosa a la que se est\u00e1 acostumbrado y otra que nos gustar\u00eda conocer.<\/p><p class=\"com_titular_4\">Paulo Coelho de Souza, Dramaturg (1947)<br>Novelista y letrista brasile\u00f1o<\/p><\/div><div class=\"blured\" style=\"background-image:url(https:\/\/seic-evo.com\/wp-content\/uploads\/ENGINNER-Slider-01.jpg)\"><\/div><div class=\"fixed\"><\/div><\/div>\n<\/div>\n\n\n\n<div class=\"wp-block-seic-seccio-dos-cols section fons-blanc com-filet seic-100-height padding-mig dos-columnes\" data-anchor=\"Ingenieria\" data-navtt=\"Ingenier\u00eda\"><div class=\"wrapper-bg-color\"><div class=\"maq-contenidor\">\n<div class=\"wp-block-seic-columna-seccio col vertical_centrat esq\">\n<h2 class=\"wp-block-heading is-style-seic-titular-gran\">Juntos, estamos creando una nueva era de excelencia en ingenier\u00eda celul\u00f3sica.<\/h2>\n<\/div>\n\n\n\n<div class=\"wp-block-seic-columna-seccio col vertical_centrat esq\">\n<p>Nuestros servicios de ingenier\u00eda experimentan una transformaci\u00f3n revolucionaria en innovaci\u00f3n e investigaci\u00f3n celul\u00f3sica. Estamos liderando el camino a un futuro m\u00e1s sostenible y eficiente, con nuevas tecnolog\u00edas y pr\u00e1cticas innovadoras.<\/p>\n\n\n\n<p>Con un fuerte enfoque en la investigaci\u00f3n celul\u00f3sica, estamos promoviendo cambios significativos en la forma en que abordamos los proyectos de ingenier\u00eda. Esta evoluci\u00f3n no solo mejorar\u00e1 nuestra eficiencia operativa, sino que tambi\u00e9n abrir\u00e1 nuevas oportunidades para la colaboraci\u00f3n y la innovaci\u00f3n en este sector en r\u00e1pido y constante progreso.<\/p>\n<\/div>\n<\/div><\/div><\/div>\n\n\n\n<div class=\"wp-block-seic-seccio-dos-cols section fons-crema com-filet seic-100-height padding-mig dos-columnes\" data-anchor=\"Asesoramiento-industrial\" data-navtt=\"Asesoramiento industrial\"><div class=\"wrapper-bg-color\"><div class=\"maq-contenidor\">\n<div class=\"wp-block-seic-columna-seccio col vertical_centrat esq\">\n<h2 class=\"wp-block-heading is-style-seic-titular-gegant has-com-color-blanc-color has-text-color\">Asesoramiento industrial<\/h2>\n\n\n\n<p>Nuestra experiencia nos permite asesorar a clientes con necesidades de innovaci\u00f3n exigentes y muy espec\u00edficas, ideando y aportando soluciones, tanto para solucionar problem\u00e1ticas concretas como para mejorar y evolucionar procesos ya existentes.<\/p>\n\n\n\n<p>Siempre con proximidad y confianza, con la responsabilidad medioambiental como principal premisa.<\/p>\n<\/div>\n\n\n\n<div class=\"wp-block-seic-columna-seccio col vertical_centrat esq\">\n<div class=\"wp-block-seic-imatge-control img_control_alt\">\n<figure class=\"wp-block-image size-large\"><img loading=\"lazy\" decoding=\"async\" width=\"768\" height=\"1024\" src=\"https:\/\/seic-evo.com\/wp-content\/uploads\/image00077-1-768x1024.jpg\" alt=\"\" class=\"wp-image-317\" srcset=\"https:\/\/seic-evo.com\/wp-content\/uploads\/image00077-1-768x1024.jpg 768w, https:\/\/seic-evo.com\/wp-content\/uploads\/image00077-1-225x300.jpg 225w, https:\/\/seic-evo.com\/wp-content\/uploads\/image00077-1-1152x1536.jpg 1152w, https:\/\/seic-evo.com\/wp-content\/uploads\/image00077-1-1536x2048.jpg 1536w, https:\/\/seic-evo.com\/wp-content\/uploads\/image00077-1.jpg 1871w\" sizes=\"auto, (max-width: 768px) 100vw, 768px\" \/><\/figure>\n<\/div>\n<\/div>\n<\/div><\/div><\/div>\n\n\n\n<div class=\"wp-block-seic-seccio-dos-cols section fons-blau com-filet seic-100-height padding-mig dos-columnes\" data-anchor=\"Proyectos-en-innovacion\" data-navtt=\"Proyectos en innovaci\u00f3n e investigaci\u00f3n\"><div class=\"wrapper-bg-color\"><div class=\"maq-contenidor\">\n<div class=\"wp-block-seic-columna-seccio col vertical_centrat esq\">\n<div class=\"wp-block-seic-imatge-control img_control_alt\">\n<figure class=\"wp-block-image size-large\"><img loading=\"lazy\" decoding=\"async\" width=\"768\" height=\"1024\" src=\"https:\/\/seic-evo.com\/wp-content\/uploads\/image00043-768x1024.jpg\" alt=\"\" class=\"wp-image-163\" srcset=\"https:\/\/seic-evo.com\/wp-content\/uploads\/image00043-768x1024.jpg 768w, https:\/\/seic-evo.com\/wp-content\/uploads\/image00043-225x300.jpg 225w, https:\/\/seic-evo.com\/wp-content\/uploads\/image00043-1152x1536.jpg 1152w, https:\/\/seic-evo.com\/wp-content\/uploads\/image00043-1536x2048.jpg 1536w, https:\/\/seic-evo.com\/wp-content\/uploads\/image00043.jpg 1871w\" sizes=\"auto, (max-width: 768px) 100vw, 768px\" \/><\/figure>\n<\/div>\n<\/div>\n\n\n\n<div class=\"wp-block-seic-columna-seccio col vertical_centrat esq\">\n<h2 class=\"wp-block-heading is-style-seic-titular-gegant\">Proyectos en innovaci\u00f3n e investigaci\u00f3n celul\u00f3sica<\/h2>\n\n\n\n<p>Actualmente, desarrollamos proyectos relacionados con:<\/p>\n\n\n\n<p>\u2013 Papel y cart\u00f3n<br>\u2013 Estucado<br>\u2013 Termoformaci\u00f3n<br>\u2013 Paneles<br>\u2013 Celulosa especial ign\u00edfuga, etc\u00e9tera.<\/p>\n\n\n\n<p>Si trabaja en este sector y tiene cualquier inquietud de mejora en sus procesos, cont\u00e1ctenos y estudiaremos su caso espec\u00edfico.<\/p>\n<\/div>\n<\/div><\/div><\/div>\n\n\n\n<div class=\"wp-block-seic-seccio-dos-cols section fons-blanc com-filet seic-100-height padding-mig dos-columnes\" data-anchor=\"Barreras-sostenibles\" data-navtt=\"Barreras sostenibles\"><div class=\"wrapper-bg-color\"><div class=\"maq-contenidor\">\n<div class=\"wp-block-seic-columna-seccio col vertical_centrat esq\">\n<h2 class=\"wp-block-heading is-style-seic-titular-gegant has-com-color-blau-color has-text-color\">Barreras sostenibles<\/h2>\n\n\n\n<p>Trabajamos con nuestros <em>partners<\/em> para alcanzar soluciones hacia:<\/p>\n\n\n\n<p>\u2013 Barreras al agua<br>\u2013 Barreras al vapor de agua<br>\u2013 Barreras a aceites y grasas<br>\u2013 Barreras al ox\u00edgeno<\/p>\n\n\n\n<p>Huyendo de m\u00e9todos tradicionales, como la utilizaci\u00f3n de pl\u00e1stico o elementos hal\u00f3genos, as\u00ed como de cualquier componente que no sea sostenible bajo criterios de reciclabilidad y compostabilidad, en SEIC hemos desarrollado barreras completamente sostenibles, una innovaci\u00f3n primordial para la industria moderna de la celulosa.<\/p>\n<\/div>\n\n\n\n<div class=\"wp-block-seic-columna-seccio col vertical_centrat esq\">\n<div class=\"wp-block-seic-imatge-control img_control_alt\">\n<figure class=\"wp-block-image size-full\"><img loading=\"lazy\" decoding=\"async\" width=\"1871\" height=\"2495\" src=\"https:\/\/seic-evo.com\/wp-content\/uploads\/image_67189505.jpg\" alt=\"\" class=\"wp-image-455\" srcset=\"https:\/\/seic-evo.com\/wp-content\/uploads\/image_67189505.jpg 1871w, https:\/\/seic-evo.com\/wp-content\/uploads\/image_67189505-225x300.jpg 225w, https:\/\/seic-evo.com\/wp-content\/uploads\/image_67189505-768x1024.jpg 768w, https:\/\/seic-evo.com\/wp-content\/uploads\/image_67189505-1152x1536.jpg 1152w, https:\/\/seic-evo.com\/wp-content\/uploads\/image_67189505-1536x2048.jpg 1536w\" sizes=\"auto, (max-width: 1871px) 100vw, 1871px\" \/><\/figure>\n<\/div>\n<\/div>\n<\/div><\/div><\/div>\n\n\n\n<div class=\"wp-block-seic-seccio-dos-cols section fons-crema com-filet seic-100-height padding-mig dos-columnes\" data-anchor=\"Optimizacion-procesos\" data-navtt=\"Optimizaci\u00f3n de procesos\"><div class=\"wrapper-bg-color\"><div class=\"maq-contenidor\">\n<div class=\"wp-block-seic-columna-seccio col vertical_centrat esq\">\n<div class=\"wp-block-seic-imatge-control img_control_alt\">\n<figure class=\"wp-block-image size-large\"><img loading=\"lazy\" decoding=\"async\" width=\"768\" height=\"1024\" src=\"https:\/\/seic-evo.com\/wp-content\/uploads\/image00033-768x1024.jpg\" alt=\"\" class=\"wp-image-158\" srcset=\"https:\/\/seic-evo.com\/wp-content\/uploads\/image00033-768x1024.jpg 768w, https:\/\/seic-evo.com\/wp-content\/uploads\/image00033-225x300.jpg 225w, https:\/\/seic-evo.com\/wp-content\/uploads\/image00033-1152x1536.jpg 1152w, https:\/\/seic-evo.com\/wp-content\/uploads\/image00033-1536x2048.jpg 1536w, https:\/\/seic-evo.com\/wp-content\/uploads\/image00033.jpg 1871w\" sizes=\"auto, (max-width: 768px) 100vw, 768px\" \/><\/figure>\n<\/div>\n<\/div>\n\n\n\n<div class=\"wp-block-seic-columna-seccio col vertical_centrat esq\">\n<h2 class=\"wp-block-heading is-style-seic-titular-gegant has-com-color-blanc-color has-text-color\">Optimizaci\u00f3n de procesos<\/h2>\n\n\n\n<p>En proyectos de asesoramiento, como de desarrollo de nuevas tecnolog\u00edas, en&nbsp;SEIC&nbsp;siempre est\u00e1 presente que la soluci\u00f3n creada no&nbsp;solo&nbsp;debe ser ecol\u00f3gicamente responsable, sino tambi\u00e9n \u00f3ptima en el conjunto del proceso en el que se aplica. Esto significa optimizar en:<\/p>\n\n\n\n<p>\u2013 Producci\u00f3n<br>\u2013 Calidad, en proceso y producto<br>\u2013 Consumo de energ\u00eda<br>\u2013 Consumo de agua<br>\u2013 Minimizaci\u00f3n de rechazos<\/p>\n<\/div>\n<\/div><\/div><\/div>\n\n\n\n<div class=\"wp-block-seic-seccio-dos-cols section fons-blau com-filet seic-100-height padding-mig dos-columnes\" data-anchor=\"Automatizacion-procesos\" data-navtt=\"Automatizaci\u00f3n de procesos\"><div class=\"wrapper-bg-color\"><div class=\"maq-contenidor\">\n<div class=\"wp-block-seic-columna-seccio col vertical_centrat esq\">\n<h2 class=\"wp-block-heading is-style-seic-titular-gegant\">Automatizaci\u00f3n de procesos<\/h2>\n\n\n\n<p>Hoy en d\u00eda, es necesario que los procesos sean automatizados. En SEIC lo logramos gracias a la introducci\u00f3n de sistemas de recepci\u00f3n de se\u00f1ales y de emisi\u00f3n de respuestas en lazo abierto o cerrado, mediante elementos de campo tales como presi\u00f3n, nivel, temperatura, caudal, consistencia, pH, conductividad, turbidez, etc\u00e9tera.<\/p>\n\n\n\n<p>Con este fin, integramos todas las se\u00f1ales en nuestros&nbsp;PLCs&nbsp;y con nuestra programaci\u00f3n, automatizamos procesos, los hacemos estables, facilitamos su visualizaci\u00f3n en cualquier momento, permitimos cambiar de consigna y una larga lista de acciones que tambi\u00e9n contemplan la seguridad y las alertas a lo largo de todo el proceso.<\/p>\n<\/div>\n\n\n\n<div class=\"wp-block-seic-columna-seccio col vertical_centrat esq\">\n<div class=\"wp-block-seic-imatge-control img_control_alt\">\n<figure class=\"wp-block-image size-full\"><img loading=\"lazy\" decoding=\"async\" width=\"775\" height=\"1000\" src=\"https:\/\/seic-evo.com\/wp-content\/uploads\/automatismes.jpg\" alt=\"\" class=\"wp-image-385\" srcset=\"https:\/\/seic-evo.com\/wp-content\/uploads\/automatismes.jpg 775w, https:\/\/seic-evo.com\/wp-content\/uploads\/automatismes-233x300.jpg 233w, https:\/\/seic-evo.com\/wp-content\/uploads\/automatismes-768x991.jpg 768w\" sizes=\"auto, (max-width: 775px) 100vw, 775px\" \/><\/figure>\n<\/div>\n<\/div>\n<\/div><\/div><\/div>\n\n\n\n<div class=\"wp-block-seic-seccio-dos-cols section fons-blanc com-filet seic-100-height padding-mig dos-columnes\" data-anchor=\"SCADA\" data-navtt=\"SCADA\"><div class=\"wrapper-bg-color\"><div class=\"maq-contenidor\">\n<div class=\"wp-block-seic-columna-seccio col vertical_centrat esq\">\n<div class=\"wp-block-seic-imatge-control img_control_alt\">\n<figure class=\"wp-block-image size-large\"><img loading=\"lazy\" decoding=\"async\" width=\"748\" height=\"1024\" src=\"https:\/\/seic-evo.com\/wp-content\/uploads\/SEIC-04-748x1024.jpg\" alt=\"\" class=\"wp-image-204\" srcset=\"https:\/\/seic-evo.com\/wp-content\/uploads\/SEIC-04-748x1024.jpg 748w, https:\/\/seic-evo.com\/wp-content\/uploads\/SEIC-04-219x300.jpg 219w, https:\/\/seic-evo.com\/wp-content\/uploads\/SEIC-04-768x1052.jpg 768w, https:\/\/seic-evo.com\/wp-content\/uploads\/SEIC-04-1122x1536.jpg 1122w, https:\/\/seic-evo.com\/wp-content\/uploads\/SEIC-04-1496x2048.jpg 1496w, https:\/\/seic-evo.com\/wp-content\/uploads\/SEIC-04.jpg 1822w\" sizes=\"auto, (max-width: 748px) 100vw, 748px\" \/><\/figure>\n<\/div>\n<\/div>\n\n\n\n<div class=\"wp-block-seic-columna-seccio col vertical_centrat esq\">\n<h2 class=\"wp-block-heading is-style-seic-titular-gegant has-com-color-blau-color has-text-color\">SCADA<\/h2>\n\n\n\n<p>Los softwares de control de supervisi\u00f3n y adquisici\u00f3n de datos (SCADA) son imprescindibles para seguimiento y control de cualquier proceso automatizado.<\/p>\n\n\n\n<p>En SEIC somos integradores del sistema Aveva del grupo Becolve Digital, n\u00famero 735773, y estamos certificados como Expert Partner Program Professional (Registered Certified System Integrator).<\/p>\n\n\n\n<p>As\u00ed, podemos garantizar un alto grado de automatizaci\u00f3n e historizaci\u00f3n de se\u00f1ales, haciendo uso de un sistema de \u00faltima generaci\u00f3n.<\/p>\n<\/div>\n<\/div><\/div><\/div>\n\n\n\n<div class=\"wp-block-seic-seccio-dos-cols section fons-crema com-filet seic-100-height padding-mig dos-columnes\" data-anchor=\"Proyectos-llaves-en-mano\" data-navtt=\"Proyectos llaves en mano\"><div class=\"wrapper-bg-color\"><div class=\"maq-contenidor\">\n<div class=\"wp-block-seic-columna-seccio col vertical_centrat esq\">\n<h2 class=\"wp-block-heading is-style-seic-titular-gegant has-com-color-blanc-color has-text-color\">Proyectos llave en mano<\/h2>\n\n\n\n<p>SEIC puede hacerse cargo de los proyectos de forma integral, responsabiliz\u00e1ndose de todas las \u00e1reas y servicios, desde su concepci\u00f3n hasta su puesta en marcha. De esta forma, el cliente solo trata con un interlocutor y se minimizan los conflictos entre partes.<\/p>\n<\/div>\n\n\n\n<div class=\"wp-block-seic-columna-seccio col vertical_centrat esq\">\n<div class=\"wp-block-seic-imatge-control img_control_alt\">\n<figure class=\"wp-block-image size-large\"><img loading=\"lazy\" decoding=\"async\" width=\"721\" height=\"1024\" src=\"https:\/\/seic-evo.com\/wp-content\/uploads\/SEIC-05-721x1024.jpg\" alt=\"\" class=\"wp-image-208\" srcset=\"https:\/\/seic-evo.com\/wp-content\/uploads\/SEIC-05-721x1024.jpg 721w, https:\/\/seic-evo.com\/wp-content\/uploads\/SEIC-05-211x300.jpg 211w, https:\/\/seic-evo.com\/wp-content\/uploads\/SEIC-05-768x1090.jpg 768w, https:\/\/seic-evo.com\/wp-content\/uploads\/SEIC-05-1082x1536.jpg 1082w, https:\/\/seic-evo.com\/wp-content\/uploads\/SEIC-05-1442x2048.jpg 1442w, https:\/\/seic-evo.com\/wp-content\/uploads\/SEIC-05.jpg 1798w\" sizes=\"auto, (max-width: 721px) 100vw, 721px\" \/><\/figure>\n<\/div>\n<\/div>\n<\/div><\/div><\/div>\n\n\n\n<div class=\"wp-block-seic-seccio-dos-cols section fons-blau com-filet seic-100-height padding-mig dos-columnes\" data-anchor=\"Formaci\u00f3n-equipos\" data-navtt=\"Formaci\u00f3n de equipos\"><div class=\"wrapper-bg-color\"><div class=\"maq-contenidor\">\n<div class=\"wp-block-seic-columna-seccio col vertical_superior esq\">\n<div class=\"wp-block-seic-imatge-control img_control_alt\">\n<figure class=\"wp-block-image size-large\"><img loading=\"lazy\" decoding=\"async\" width=\"768\" height=\"1024\" src=\"https:\/\/seic-evo.com\/wp-content\/uploads\/SEIC-5-768x1024.jpg\" alt=\"\" class=\"wp-image-387\" srcset=\"https:\/\/seic-evo.com\/wp-content\/uploads\/SEIC-5-768x1024.jpg 768w, https:\/\/seic-evo.com\/wp-content\/uploads\/SEIC-5-225x300.jpg 225w, https:\/\/seic-evo.com\/wp-content\/uploads\/SEIC-5-1152x1536.jpg 1152w, https:\/\/seic-evo.com\/wp-content\/uploads\/SEIC-5-1536x2048.jpg 1536w, https:\/\/seic-evo.com\/wp-content\/uploads\/SEIC-5.jpg 1871w\" sizes=\"auto, (max-width: 768px) 100vw, 768px\" \/><\/figure>\n<\/div>\n<\/div>\n\n\n\n<div class=\"wp-block-seic-columna-seccio col vertical_centrat esq\">\n<h2 class=\"wp-block-heading is-style-seic-titular-gegant\">Formaci\u00f3n de equipos<\/h2>\n\n\n\n<p>Para lograr la m\u00e1xima eficiencia de las soluciones aportadas, en SEIC formamos al equipo que posteriormente deber\u00e1 asumir la explotaci\u00f3n del proceso. Hacemos una instrucci\u00f3n espec\u00edficamente adaptada al sistema que los t\u00e9cnicos operar\u00e1n en su d\u00eda a d\u00eda y, una vez puesto en funcionamiento, seguimos a disposici\u00f3n del cliente hasta su integraci\u00f3n plena.<\/p>\n<\/div>\n<\/div><\/div><\/div>\n\n\n\n<div class=\"wp-block-seic-seccio-dos-cols section fons-blanc com-filet seic-100-height padding-mig dos-columnes\" data-anchor=\"Planes-de-negocio\" data-navtt=\"Planes de negocio\"><div class=\"wrapper-bg-color\"><div class=\"maq-contenidor\">\n<div class=\"wp-block-seic-columna-seccio col vertical_centrat esq\">\n<h2 class=\"wp-block-heading is-style-seic-titular-gegant has-com-color-blau-color has-text-color\">Planes de negocio y b\u00fasqueda de ayudas<\/h2>\n\n\n\n<p>En SEIC tambi\u00e9n acompa\u00f1amos a nuestros clientes en la creaci\u00f3n de su plan de negocio. Aportamos nuestra visi\u00f3n, fundamentada en nuestra experiencia, tanto en costes de inversi\u00f3n y explotaci\u00f3n, como de precios de mercado de productos finales. De esta forma, contribuimos a la generaci\u00f3n de un plan de negocio \u00fatil para tomar decisiones empresariales que pueden ser decisivas.<\/p>\n\n\n\n<p>Adem\u00e1s, si un proyecto puede desarrollarse \u00edntegramente por el cliente, podemos aportar nuestro conocimiento en la b\u00fasqueda de sistemas de financiaci\u00f3n, ayudas y subvenciones.<\/p>\n<\/div>\n\n\n\n<div class=\"wp-block-seic-columna-seccio col vertical_centrat esq\">\n<div class=\"wp-block-seic-imatge-control img_control_alt\">\n<figure class=\"wp-block-image size-large\"><img loading=\"lazy\" decoding=\"async\" width=\"683\" height=\"1024\" src=\"https:\/\/seic-evo.com\/wp-content\/uploads\/SEIC-11-683x1024.jpg\" alt=\"\" class=\"wp-image-344\" srcset=\"https:\/\/seic-evo.com\/wp-content\/uploads\/SEIC-11-683x1024.jpg 683w, https:\/\/seic-evo.com\/wp-content\/uploads\/SEIC-11-200x300.jpg 200w, https:\/\/seic-evo.com\/wp-content\/uploads\/SEIC-11-768x1152.jpg 768w, https:\/\/seic-evo.com\/wp-content\/uploads\/SEIC-11-1024x1536.jpg 1024w, https:\/\/seic-evo.com\/wp-content\/uploads\/SEIC-11-1365x2048.jpg 1365w, https:\/\/seic-evo.com\/wp-content\/uploads\/SEIC-11.jpg 1663w\" sizes=\"auto, (max-width: 683px) 100vw, 683px\" \/><\/figure>\n<\/div>\n<\/div>\n<\/div><\/div><\/div>\n","protected":false},"excerpt":{"rendered":"","protected":false},"author":1,"featured_media":0,"parent":0,"menu_order":0,"comment_status":"closed","ping_status":"closed","template":"maq_fullpage.php","meta":{"footnotes":""},"class_list":["post-1369","page","type-page","status-publish","hentry"],"_links":{"self":[{"href":"https:\/\/seic-evo.com\/es\/wp-json\/wp\/v2\/pages\/1369","targetHints":{"allow":["GET"]}}],"collection":[{"href":"https:\/\/seic-evo.com\/es\/wp-json\/wp\/v2\/pages"}],"about":[{"href":"https:\/\/seic-evo.com\/es\/wp-json\/wp\/v2\/types\/page"}],"author":[{"embeddable":true,"href":"https:\/\/seic-evo.com\/es\/wp-json\/wp\/v2\/users\/1"}],"replies":[{"embeddable":true,"href":"https:\/\/seic-evo.com\/es\/wp-json\/wp\/v2\/comments?post=1369"}],"version-history":[{"count":5,"href":"https:\/\/seic-evo.com\/es\/wp-json\/wp\/v2\/pages\/1369\/revisions"}],"predecessor-version":[{"id":1589,"href":"https:\/\/seic-evo.com\/es\/wp-json\/wp\/v2\/pages\/1369\/revisions\/1589"}],"wp:attachment":[{"href":"https:\/\/seic-evo.com\/es\/wp-json\/wp\/v2\/media?parent=1369"}],"curies":[{"name":"wp","href":"https:\/\/api.w.org\/{rel}","templated":true}]}}