{"id":1371,"date":"2023-07-27T09:28:56","date_gmt":"2023-07-27T07:28:56","guid":{"rendered":"https:\/\/seic-evo.com\/seic\/"},"modified":"2024-04-15T09:45:37","modified_gmt":"2024-04-15T07:45:37","slug":"seic","status":"publish","type":"page","link":"https:\/\/seic-evo.com\/es\/seic\/","title":{"rendered":"SEIC Evo"},"content":{"rendered":"\n<div class=\"wp-block-seic-capcalera section seic--height fp-auto-height fp-seic-height-75 __hide_slidesNav com-filet filet-abaix\" data-anchor=\"\" data-navtt=\"\">\n<div class=\"wp-block-seic-capcalera-item __slick-slide mod-slide blanc\"><div class=\"maq-contenidor\"><p class=\"com_titular_3\">Deber\u00edamos utilizar el pasado como trampol\u00edn, no como sof\u00e1.<\/p><p class=\"com_titular_4\">Harold Macmillan\u00a0(1894-1986)<br>Pol\u00edtico brit\u00e1nico<\/p><\/div><div class=\"blured\" style=\"background-image:url(https:\/\/seic-evo.com\/wp-content\/uploads\/ABOUT-sLIDER-01-1.jpg)\"><\/div><div class=\"fixed\"><\/div><\/div>\n<\/div>\n\n\n\n<div class=\"wp-block-seic-seccio-dos-cols section fons-blanc com-filet seic-100-height padding-mig dos-columnes\" data-anchor=\"SEIC-Evo\" data-navtt=\"SEIC Evo\"><div class=\"wrapper-bg-color\"><div class=\"maq-contenidor\">\n<div class=\"wp-block-seic-columna-seccio col vertical_centrat esq\">\n<h2 class=\"wp-block-heading is-style-seic-titular-gran\">Proponemos un cambio transformador.<\/h2>\n<\/div>\n\n\n\n<div class=\"wp-block-seic-columna-seccio col vertical_centrat esq\">\n<p>La adopci\u00f3n de una tecnolog\u00eda basada en una producci\u00f3n responsable representa una evoluci\u00f3n que reduce el desperdicio de recursos.<\/p>\n\n\n\n<p>Los retos a los que nos enfrentamos son la disminuci\u00f3n de impactos ambientales, la innovaci\u00f3n tecnol\u00f3gica y la sostenibilidad de nuestros procesos.<\/p>\n<\/div>\n<\/div><\/div><\/div>\n\n\n\n<div class=\"wp-block-seic-seccio-dos-cols section fons-blau com-filet seic-100-height padding-mig dos-columnes\" data-anchor=\"Como-pensamos\" data-navtt=\"C\u00f3mo pensamos\"><div class=\"wrapper-bg-color\"><div class=\"maq-contenidor\">\n<div class=\"wp-block-seic-columna-seccio col vertical_centrat esq\">\n<h2 class=\"wp-block-heading is-style-seic-titular-gegant has-com-color-crema-color has-text-color has-link-color wp-elements-dc1a11acbcb88d7f2663d1aa0cb787a3\">C\u00f3mo pensamos<\/h2>\n\n\n\n<p>Nuestra filosof\u00eda se basa en un equilibrio entre estos rasgos fundamentales:<\/p>\n\n\n\n<p><strong>SOSTENIBILIDAD.<\/strong><br>El respeto por el planeta es imprescindible para nuestro ma\u00f1ana.<\/p>\n\n\n\n<p><strong>ECONOM\u00cdA.<\/strong><br>Una producci\u00f3n responsable contribuye a una mayor eficiencia. El rendimiento econ\u00f3mico lo conseguimos a partir de una producci\u00f3n responsable.<\/p>\n\n\n\n<p><strong>INNOVACI\u00d3N.<\/strong><br>La b\u00fasqueda de nuevos procesos es el constante impulsor de la industria.<\/p>\n\n\n\n<p><strong>TRANSFORMACI\u00d3N.<\/strong><br>El futuro de la producci\u00f3n pasa por repensar, reutilizar y convertir.<\/p>\n\n\n\n<p><strong>EQUIPO.<\/strong><br>Las personas son la pieza imprescindible i fundamental en todos nuestros proyectos.<\/p>\n<\/div>\n\n\n\n<div class=\"wp-block-seic-columna-seccio col vertical_centrat esq\">\n<div class=\"wp-block-seic-imatge-control img_control_alt\">\n<figure class=\"wp-block-image size-large\"><img loading=\"lazy\" decoding=\"async\" width=\"768\" height=\"1024\" src=\"https:\/\/seic-evo.com\/wp-content\/uploads\/image00018-768x1024.jpg\" alt=\"\" class=\"wp-image-154\" srcset=\"https:\/\/seic-evo.com\/wp-content\/uploads\/image00018-768x1024.jpg 768w, https:\/\/seic-evo.com\/wp-content\/uploads\/image00018-225x300.jpg 225w, https:\/\/seic-evo.com\/wp-content\/uploads\/image00018-1152x1536.jpg 1152w, https:\/\/seic-evo.com\/wp-content\/uploads\/image00018-1536x2048.jpg 1536w, https:\/\/seic-evo.com\/wp-content\/uploads\/image00018.jpg 1871w\" sizes=\"auto, (max-width: 768px) 100vw, 768px\" \/><\/figure>\n<\/div>\n<\/div>\n<\/div><\/div><\/div>\n\n\n\n<div class=\"wp-block-seic-seccio-dos-cols section fons-imatge com-filet seic-100-height padding-mig dos-columnes\" data-anchor=\"Creamos-tecnologia\" data-navtt=\"Creamos tecnolog\u00eda\"><div class=\"wrapper-bg-img\" style=\"background-image:url(https:\/\/seic-evo.com\/wp-content\/uploads\/image00058-1.jpg)\"><div class=\"maq-contenidor\">\n<div class=\"wp-block-seic-columna-seccio col vertical_centrat esq\">\n<div class=\"wp-block-seic-imatge-control img_control_alt\"><\/div>\n<\/div>\n\n\n\n<div class=\"wp-block-seic-columna-seccio col vertical_centrat esq\">\n<h2 class=\"wp-block-heading is-style-seic-titular-gegant has-com-color-blanc-color has-text-color has-link-color wp-elements-716f2526f8d53040b1e68c5d3c7f768f\">Creamos tecnolog\u00eda<\/h2>\n\n\n\n<p class=\"has-com-color-blanc-color has-text-color has-link-color wp-elements-ac1c71edbdc5f047737dcfc0d11ce769\">Los principales valores que aportamos desde SEIC en el desarrollo de soluciones para el sector industrial del papel y la celulosa son nuestros conocimientos t\u00e9cnicos y nuestra experiencia. Esto, a\u00f1adido a un trabajo siempre junto al cliente y una elevada conciencia medioambiental, hace posible la creaci\u00f3n de nuevas alternativas que den una respuesta innovadora, responsable y eficiente a los retos y oportunidades de las empresas del siglo XXI.<\/p>\n<\/div>\n<\/div><\/div><\/div>\n\n\n\n<div class=\"wp-block-seic-seccio-dos-cols section fons-blanc com-filet seic-100-height padding-mig dos-columnes\" data-anchor=\"Valorizamos-aprovechamos\" data-navtt=\"Valorizamos y aprovechamos\"><div class=\"wrapper-bg-color\"><div class=\"maq-contenidor\">\n<div class=\"wp-block-seic-columna-seccio col vertical_centrat esq\">\n<h2 class=\"wp-block-heading is-style-seic-titular-gegant has-com-color-blau-color has-text-color\">Valorizamos y aprovechamos<\/h2>\n\n\n\n<p>En\u00a0SEIC\u00a0nos motiva la valorizaci\u00f3n de recursos y materias que otros dan por perdidos.<\/p>\n\n\n\n<p>Nuestra satisfacci\u00f3n es hacer posible proyectos que optimicen recursos, que no perjudiquen al medio ambiente y de los que nos podamos sentir orgullosos.<\/p>\n\n\n\n<p>Siempre pensamos en la mejora global y en la evoluci\u00f3n sostenible de los procesos.<\/p>\n<\/div>\n\n\n\n<div class=\"wp-block-seic-columna-seccio col vertical_centrat esq\">\n<div class=\"wp-block-seic-imatge-control img_control_alt\">\n<figure class=\"wp-block-image size-large\"><img loading=\"lazy\" decoding=\"async\" width=\"768\" height=\"1024\" src=\"https:\/\/seic-evo.com\/wp-content\/uploads\/image00017-768x1024.jpg\" alt=\"\" class=\"wp-image-153\" srcset=\"https:\/\/seic-evo.com\/wp-content\/uploads\/image00017-768x1024.jpg 768w, https:\/\/seic-evo.com\/wp-content\/uploads\/image00017-225x300.jpg 225w, https:\/\/seic-evo.com\/wp-content\/uploads\/image00017-1152x1536.jpg 1152w, https:\/\/seic-evo.com\/wp-content\/uploads\/image00017-1536x2048.jpg 1536w, https:\/\/seic-evo.com\/wp-content\/uploads\/image00017.jpg 1871w\" sizes=\"auto, (max-width: 768px) 100vw, 768px\" \/><\/figure>\n<\/div>\n<\/div>\n<\/div><\/div><\/div>\n\n\n\n<div class=\"wp-block-seic-seccio-dos-cols section fons-blau com-filet seic-100-height padding-mig dos-columnes\" data-anchor=\"Transformamos-reconectamos\" data-navtt=\"Transformamos y reconectamos\"><div class=\"wrapper-bg-color\"><div class=\"maq-contenidor\">\n<div class=\"wp-block-seic-columna-seccio col vertical_centrat esq\">\n<div class=\"wp-block-seic-imatge-control img_control_alt\">\n<figure class=\"wp-block-image size-large\"><img loading=\"lazy\" decoding=\"async\" width=\"768\" height=\"1024\" src=\"https:\/\/seic-evo.com\/wp-content\/uploads\/image00048-768x1024.jpg\" alt=\"\" class=\"wp-image-383\" srcset=\"https:\/\/seic-evo.com\/wp-content\/uploads\/image00048-768x1024.jpg 768w, https:\/\/seic-evo.com\/wp-content\/uploads\/image00048-225x300.jpg 225w, https:\/\/seic-evo.com\/wp-content\/uploads\/image00048-1152x1536.jpg 1152w, https:\/\/seic-evo.com\/wp-content\/uploads\/image00048-1536x2048.jpg 1536w, https:\/\/seic-evo.com\/wp-content\/uploads\/image00048.jpg 1871w\" sizes=\"auto, (max-width: 768px) 100vw, 768px\" \/><\/figure>\n<\/div>\n<\/div>\n\n\n\n<div class=\"wp-block-seic-columna-seccio col vertical_centrat esq\">\n<h2 class=\"wp-block-heading is-style-seic-titular-gegant\">Transformamos y reconectamos con la naturaleza<\/h2>\n\n\n\n<p>Impulsamos el desarrollo de tecnolog\u00eda, la generaci\u00f3n de nuevos usos por materias naturales, como el papel o la celulosa, en una transformaci\u00f3n sostenible. Siempre con la premisa de minimizar emisiones y vertidos, tanto durante el proceso de creaci\u00f3n de la misma como en su posterior puesta en marcha y utilizaci\u00f3n. Porque creemos que no podemos transformar nada si esto implica empeorar el entorno.<\/p>\n<\/div>\n<\/div><\/div><\/div>\n\n\n\n<div class=\"wp-block-seic-seccio-dos-cols section fons-crema com-filet seic-100-height padding-mig dos-columnes\" data-anchor=\"Confianza\" data-navtt=\"Creemos en la confianza\"><div class=\"wrapper-bg-color\"><div class=\"maq-contenidor\">\n<div class=\"wp-block-seic-columna-seccio col vertical_centrat esq\">\n<h2 class=\"wp-block-heading is-style-seic-titular-gegant has-com-color-blanc-color has-text-color\">Creemos en la confianza<\/h2>\n\n\n\n<p>Los proyectos de nuestros clientes son trajes a medida. Cada soluci\u00f3n es \u00fanica y trabajamos con discreci\u00f3n y confidencialidad.<\/p>\n\n\n\n<p>Consideramos cada proyecto como propio, pensando en alcanzar la plena satisfacci\u00f3n de nuestro cliente y nuestro equipo.<\/p>\n<\/div>\n\n\n\n<div class=\"wp-block-seic-columna-seccio col vertical_centrat esq\">\n<div class=\"wp-block-seic-imatge-control img_control_alt\">\n<figure class=\"wp-block-image size-large\"><img loading=\"lazy\" decoding=\"async\" width=\"739\" height=\"1024\" src=\"https:\/\/seic-evo.com\/wp-content\/uploads\/SEIC-03-739x1024.jpg\" alt=\"\" class=\"wp-image-196\" srcset=\"https:\/\/seic-evo.com\/wp-content\/uploads\/SEIC-03-739x1024.jpg 739w, https:\/\/seic-evo.com\/wp-content\/uploads\/SEIC-03-216x300.jpg 216w, https:\/\/seic-evo.com\/wp-content\/uploads\/SEIC-03-768x1065.jpg 768w, https:\/\/seic-evo.com\/wp-content\/uploads\/SEIC-03-1108x1536.jpg 1108w, https:\/\/seic-evo.com\/wp-content\/uploads\/SEIC-03-1478x2048.jpg 1478w, https:\/\/seic-evo.com\/wp-content\/uploads\/SEIC-03.jpg 1800w\" sizes=\"auto, (max-width: 739px) 100vw, 739px\" \/><\/figure>\n<\/div>\n<\/div>\n<\/div><\/div><\/div>\n\n\n\n<div class=\"wp-block-seic-seccio-dos-cols section fons-blanc com-filet seic-100-height padding-mig dos-columnes\" data-anchor=\"Equipo\" data-navtt=\"Equipo\"><div class=\"wrapper-bg-color\"><div class=\"maq-contenidor\">\n<div class=\"wp-block-seic-columna-seccio col vertical_centrat esq\">\n<div class=\"wp-block-seic-imatge-control img_control_alt\">\n<figure class=\"wp-block-image size-large\"><img loading=\"lazy\" decoding=\"async\" width=\"768\" height=\"1024\" src=\"https:\/\/seic-evo.com\/wp-content\/uploads\/image00005-768x1024.jpg\" alt=\"\" class=\"wp-image-151\" srcset=\"https:\/\/seic-evo.com\/wp-content\/uploads\/image00005-768x1024.jpg 768w, https:\/\/seic-evo.com\/wp-content\/uploads\/image00005-225x300.jpg 225w, https:\/\/seic-evo.com\/wp-content\/uploads\/image00005-1152x1536.jpg 1152w, https:\/\/seic-evo.com\/wp-content\/uploads\/image00005-1536x2048.jpg 1536w, https:\/\/seic-evo.com\/wp-content\/uploads\/image00005.jpg 1871w\" sizes=\"auto, (max-width: 768px) 100vw, 768px\" \/><\/figure>\n<\/div>\n<\/div>\n\n\n\n<div class=\"wp-block-seic-columna-seccio col vertical_centrat esq\">\n<h2 class=\"wp-block-heading is-style-seic-titular-gegant has-com-color-blau-color has-text-color\">Equipo<\/h2>\n\n\n\n<p>Nuestro equipo est\u00e1 formado por profesionales de diversas especialidades para dar soluciones globales y estudiadas desde todos los \u00e1ngulos:<\/p>\n\n\n\n<p>\u2013 Ingenier\u00eda<br>\u2013 Procesos<br>\u2013 Mec\u00e1nica<br>\u2013 Electr\u00f3nica y control<br>\u2013 Biolog\u00eda<br>\u2013 Financiero<\/p>\n<\/div>\n<\/div><\/div><\/div>\n","protected":false},"excerpt":{"rendered":"","protected":false},"author":1,"featured_media":0,"parent":0,"menu_order":0,"comment_status":"closed","ping_status":"closed","template":"maq_fullpage.php","meta":{"footnotes":""},"class_list":["post-1371","page","type-page","status-publish","hentry"],"_links":{"self":[{"href":"https:\/\/seic-evo.com\/es\/wp-json\/wp\/v2\/pages\/1371","targetHints":{"allow":["GET"]}}],"collection":[{"href":"https:\/\/seic-evo.com\/es\/wp-json\/wp\/v2\/pages"}],"about":[{"href":"https:\/\/seic-evo.com\/es\/wp-json\/wp\/v2\/types\/page"}],"author":[{"embeddable":true,"href":"https:\/\/seic-evo.com\/es\/wp-json\/wp\/v2\/users\/1"}],"replies":[{"embeddable":true,"href":"https:\/\/seic-evo.com\/es\/wp-json\/wp\/v2\/comments?post=1371"}],"version-history":[{"count":7,"href":"https:\/\/seic-evo.com\/es\/wp-json\/wp\/v2\/pages\/1371\/revisions"}],"predecessor-version":[{"id":1579,"href":"https:\/\/seic-evo.com\/es\/wp-json\/wp\/v2\/pages\/1371\/revisions\/1579"}],"wp:attachment":[{"href":"https:\/\/seic-evo.com\/es\/wp-json\/wp\/v2\/media?parent=1371"}],"curies":[{"name":"wp","href":"https:\/\/api.w.org\/{rel}","templated":true}]}}