{"id":1373,"date":"2023-07-27T09:24:33","date_gmt":"2023-07-27T07:24:33","guid":{"rendered":"https:\/\/seic-evo.com\/inici\/"},"modified":"2024-04-12T13:47:18","modified_gmt":"2024-04-12T11:47:18","slug":"inici","status":"publish","type":"page","link":"https:\/\/seic-evo.com\/es\/","title":{"rendered":"Inicio"},"content":{"rendered":"\n<div class=\"wp-block-seic-capcalera section seic-100-height 100fp-auto-height 100fp-seic-height-75 __hide_slidesNav com-filet filet-abaix\" data-anchor=\"\" data-navtt=\"\">\n<div class=\"wp-block-seic-capcalera-item __slick-slide mod-slide blanc\"><div class=\"maq-contenidor\"><p class=\"com_titular_3\">Fibras naturales provenientes de restos de agricultura<\/p><p class=\"com_titular_4\">La responsabilidad ecol\u00f3gica ya no es una bondad,<br>es una necesidad.<\/p><\/div><div class=\"blured\" style=\"background-image:url(https:\/\/seic-evo.com\/wp-content\/uploads\/HOME-Sliders-04.jpg)\"><\/div><div class=\"fixed\"><\/div><\/div>\n\n\n\n<div class=\"wp-block-seic-capcalera-item __slick-slide mod-slide blanc\"><div class=\"maq-contenidor\"><p class=\"com_titular_3\">Aprovechamiento de fibras no usadas en procesos alimenticios<\/p><p class=\"com_titular_4\">Necesidad de hacer las cosas, mejorando el entorno<br>y haciendo cosas distintas.<\/p><\/div><div class=\"blured\" style=\"background-image:url(https:\/\/seic-evo.com\/wp-content\/uploads\/HOME-Sliders-01.jpg)\"><\/div><div class=\"fixed\"><\/div><\/div>\n\n\n\n<div class=\"wp-block-seic-capcalera-item __slick-slide mod-slide blanc\"><div class=\"maq-contenidor\"><p class=\"com_titular_3\">Disminuci\u00f3n de la dependencia de fibras de \u00e1rboles<\/p><p class=\"com_titular_4\">Diferentes, donde nuestros proyectos hacen un mundo m\u00e1s sostenible.<\/p><\/div><div class=\"blured\" style=\"background-image:url(https:\/\/seic-evo.com\/wp-content\/uploads\/HOME-Sliders-03.jpg)\"><\/div><div class=\"fixed\"><\/div><\/div>\n\n\n\n<div class=\"wp-block-seic-capcalera-item __slick-slide mod-slide blanc\"><div class=\"maq-contenidor\"><p class=\"com_titular_3\">Obtenci\u00f3n de barreras sostenibles<\/p><p class=\"com_titular_4\">Sostenibles para ser consecuentes.<\/p><\/div><div class=\"blured\" style=\"background-image:url(https:\/\/seic-evo.com\/wp-content\/uploads\/HOME-Sliders-02.jpg)\"><\/div><div class=\"fixed\"><\/div><\/div>\n\n\n\n<div class=\"wp-block-seic-capcalera-item __slick-slide mod-slide blanc\"><div class=\"maq-contenidor\"><p class=\"com_titular_3\">Huir de la utilizaci\u00f3n de pl\u00e1sticos en los procesos con fibras<\/p><p class=\"com_titular_4\">Ser consecuentes es lo que nos motiva.<\/p><\/div><div class=\"blured\" style=\"background-image:url(https:\/\/seic-evo.com\/wp-content\/uploads\/HOME-Sliders-05.jpg)\"><\/div><div class=\"fixed\"><\/div><\/div>\n<\/div>\n\n\n\n<div class=\"wp-block-seic-seccio-dos-cols section fons-blanc com-filet seic-100-height padding-mig dos-columnes\" data-anchor=\"Bienvenidos\" data-navtt=\"Bienvenidos\"><div class=\"wrapper-bg-color\"><div class=\"maq-contenidor\">\n<div class=\"wp-block-seic-columna-seccio col vertical_centrat esq\">\n<h2 class=\"wp-block-heading is-style-seic-titular-gran has-com-color-blau-color has-text-color\">El rendimiento econ\u00f3mico lo conseguimos desde una producci\u00f3n responsable.<\/h2>\n<\/div>\n\n\n\n<div class=\"wp-block-seic-columna-seccio col vertical_centrat esq\">\n<p>Los principales valores que aportamos desde SEIC en el desarrollo de soluciones para el sector industrial del papel y la celulosa son nuestros conocimientos t\u00e9cnicos y nuestra experiencia.<\/p>\n\n\n\n<p>En SEIC nos motiva la valorizaci\u00f3n de residuos o materias que otros ya dan por perdidos y fundamentamos el desarrollo de tecnolog\u00eda, la generaci\u00f3n de nuevos usos por materias naturales, como el papel o la celulosa, en una transformaci\u00f3n sostenible.<\/p>\n<\/div>\n<\/div><\/div><\/div>\n\n\n\n<div class=\"wp-block-seic-seccio-una-col section fons-blau com-filet fp-auto-height __padding-mig __dos-columnes\" data-anchor=\"datos\" data-navtt=\"Algunos datos\"><div class=\"maq-contenidor\">\n<div class=\"wp-block-seic-pindola mod-pindola com_amb_bg\"><p class=\"com_titular_1 com_color_crema com_seic_papallona\">1,6 millones<\/p><p>de toneladas de pl\u00e1stico de un solo uso.<br>Es lo que Espa\u00f1a genera cada a\u00f1o,<br>equivalente a una producci\u00f3n de 34 kg por persona y a\u00f1o.<\/p><\/div>\n\n\n\n<div class=\"wp-block-seic-pindola mod-pindola com_amb_bg\"><p class=\"com_titular_1 com_color_crema com_seic_papallona\">900 millones<\/p><p>de \u00e1rboles que se talan cada a\u00f1o en el mundo.<\/p><\/div>\n\n\n\n<div class=\"wp-block-seic-pindola mod-pindola com_amb_bg\"><p class=\"com_titular_1 com_color_crema com_seic_papallona\">1 Tonelada<\/p><p>de celulosa que no provenga de \u00e1rboles<br>salva a 17 \u00e1rboles de ser cortados.<\/p><\/div>\n<\/div><\/div>\n\n\n\n<div class=\"wp-block-seic-seccio-dos-cols section fons-crema com-filet seic-100-height padding-mig dos-columnes\" data-anchor=\"Servicios\" data-navtt=\"Servicios de ingenier\u00eda\"><div class=\"wrapper-bg-color\"><div class=\"maq-contenidor\">\n<div class=\"wp-block-seic-columna-seccio col vertical_superior esq\">\n<div class=\"wp-block-seic-receptor-imatges img_control_alt mod-selector-target\"><\/div>\n<\/div>\n\n\n\n<div class=\"wp-block-seic-columna-seccio col vertical_superior esq\">\n<p class=\"is-style-seic-titular-gegant has-com-color-blanc-color has-text-color\">Servicios de ingenier\u00eda<\/p>\n\n\n\n<p>Los proyectos de nuestros clientes son trajes a medida. Cada uno de ellos supone un reto \u00fanico y, en consecuencia, las soluciones tambi\u00e9n. Siempre al lado del cliente y una elevada conciencia medioambiental hace posible la creaci\u00f3n de nuevas alternativas que dan una respuesta innovadora, responsable y eficiente a los retos y carencias de las empresas del siglo XXI.<\/p>\n\n\n\n<div class=\"wp-block-seic-links-imatges mod-selector\"><ul>\n<li data-img=\"https:\/\/seic-evo.com\/wp-content\/uploads\/image00077-1.jpg\" class=\"wp-block-seic-links-imatges-item\"><a href=\"https:\/\/seic-evo.com\/es\/ingenieria\/#Asesoramiento-industrial\">Asesoramiento industrial<\/a><\/li>\n\n\n\n<li data-img=\"https:\/\/seic-evo.com\/wp-content\/uploads\/image00043.jpg\" class=\"wp-block-seic-links-imatges-item\"><a href=\"https:\/\/seic-evo.com\/es\/ingenieria\/#Proyectos-en-innovacion\">Proyectos en innovaci\u00f3n e investigaci\u00f3n celul\u00f3sica<\/a><\/li>\n\n\n\n<li data-img=\"https:\/\/seic-evo.com\/wp-content\/uploads\/image_67189505.jpg\" class=\"wp-block-seic-links-imatges-item\"><a href=\"https:\/\/seic-evo.com\/es\/ingenieria\/#Barreras-sostenibles\">Barreras sostenibles<\/a><\/li>\n\n\n\n<li data-img=\"https:\/\/seic-evo.com\/wp-content\/uploads\/image00033.jpg\" class=\"wp-block-seic-links-imatges-item\"><a href=\"https:\/\/seic-evo.com\/es\/ingenieria\/#Optimizacion-procesos\">Optimizaci\u00f3n de procesos<\/a><\/li>\n\n\n\n<li data-img=\"https:\/\/seic-evo.com\/wp-content\/uploads\/automatismes.jpg\" class=\"wp-block-seic-links-imatges-item\"><a href=\"https:\/\/seic-evo.com\/es\/ingenieria\/#Automatizacion-procesos\">Automatizaci\u00f3n de procesos<\/a><\/li>\n\n\n\n<li data-img=\"https:\/\/seic-evo.com\/wp-content\/uploads\/SEIC-04.jpg\" class=\"wp-block-seic-links-imatges-item\"><a href=\"https:\/\/seic-evo.com\/es\/ingenieria\/#SCADA\">SCADA<\/a><\/li>\n\n\n\n<li data-img=\"https:\/\/seic-evo.com\/wp-content\/uploads\/SEIC-05.jpg\" class=\"wp-block-seic-links-imatges-item\"><a href=\"https:\/\/seic-evo.com\/es\/ingenieria\/#Proyectos-llaves-en-mano\">Proyectos llave en mano<\/a><\/li>\n\n\n\n<li data-img=\"https:\/\/seic-evo.com\/wp-content\/uploads\/SEIC-5.jpg\" class=\"wp-block-seic-links-imatges-item\"><a href=\"https:\/\/seic-evo.com\/es\/ingenieria\/#Formaci%C3%B3n-equipos\">Formaci\u00f3n de equipos<\/a><\/li>\n\n\n\n<li data-img=\"https:\/\/seic-evo.com\/wp-content\/uploads\/SEIC-11.jpg\" class=\"wp-block-seic-links-imatges-item\"><a href=\"https:\/\/seic-evo.com\/es\/ingenieria\/#Planes-de-negocio\">Planes de negocio y b\u00fasqueda de ayudas<\/a><\/li>\n<\/ul><\/div>\n<\/div>\n<\/div><\/div><\/div>\n","protected":false},"excerpt":{"rendered":"","protected":false},"author":1,"featured_media":0,"parent":0,"menu_order":0,"comment_status":"closed","ping_status":"closed","template":"maq_fullpage.php","meta":{"footnotes":""},"class_list":["post-1373","page","type-page","status-publish","hentry"],"_links":{"self":[{"href":"https:\/\/seic-evo.com\/es\/wp-json\/wp\/v2\/pages\/1373","targetHints":{"allow":["GET"]}}],"collection":[{"href":"https:\/\/seic-evo.com\/es\/wp-json\/wp\/v2\/pages"}],"about":[{"href":"https:\/\/seic-evo.com\/es\/wp-json\/wp\/v2\/types\/page"}],"author":[{"embeddable":true,"href":"https:\/\/seic-evo.com\/es\/wp-json\/wp\/v2\/users\/1"}],"replies":[{"embeddable":true,"href":"https:\/\/seic-evo.com\/es\/wp-json\/wp\/v2\/comments?post=1373"}],"version-history":[{"count":11,"href":"https:\/\/seic-evo.com\/es\/wp-json\/wp\/v2\/pages\/1373\/revisions"}],"predecessor-version":[{"id":1572,"href":"https:\/\/seic-evo.com\/es\/wp-json\/wp\/v2\/pages\/1373\/revisions\/1572"}],"wp:attachment":[{"href":"https:\/\/seic-evo.com\/es\/wp-json\/wp\/v2\/media?parent=1373"}],"curies":[{"name":"wp","href":"https:\/\/api.w.org\/{rel}","templated":true}]}}