{"id":1701,"date":"2024-09-17T08:53:20","date_gmt":"2024-09-17T06:53:20","guid":{"rendered":"https:\/\/seic-evo.com\/pelletitzadora\/"},"modified":"2024-09-30T17:36:17","modified_gmt":"2024-09-30T15:36:17","slug":"pelletitzadora","status":"publish","type":"page","link":"https:\/\/seic-evo.com\/es\/pelletitzadora\/","title":{"rendered":"Peletizadora"},"content":{"rendered":"\n<div class=\"wp-block-seic-capcalera section seic--height fp-auto-height fp-seic-height-75 __hide_slidesNav com-filet filet-abaix\" data-anchor=\"\" data-navtt=\"\">\n<div class=\"wp-block-seic-capcalera-item __slick-slide mod-slide blanc\"><div class=\"maq-contenidor\"><p class=\"com_titular_3\">La simplicidad es la m\u00e1xima sofisticaci\u00f3n.\u00a0<\/p><p class=\"com_titular_4\">Leonardo da Vinci\u00a0 (1452-1519)<br>Arquitecto, escultor, ingeniero, inventor, pintor, fil\u00f3sofo, astr\u00f3nomo, anatomista, m\u00fasico, pol\u00edmata, cient\u00edfico i escritor italiano<\/p><\/div><div class=\"blured\" style=\"background-image:url(https:\/\/seic-evo.com\/wp-content\/uploads\/prova2.jpeg)\"><\/div><div class=\"fixed\"><\/div><\/div>\n<\/div>\n\n\n\n<div class=\"wp-block-seic-seccio-dos-cols section fons-blanc com-filet seic-100-height padding-mig dos-columnes\" data-anchor=\"Circularitat\" data-navtt=\"Circularitat\"><div class=\"wrapper-bg-color\"><div class=\"maq-contenidor\">\n<div class=\"wp-block-seic-columna-seccio col vertical_centrat esq\">\n<h2 class=\"wp-block-heading is-style-seic-titular-gran\">Cooperaci\u00f3n i visi\u00f3n global, eje de nuestra filosof\u00eda hacia cambios transformadores.<\/h2>\n<\/div>\n\n\n\n<div class=\"wp-block-seic-columna-seccio col vertical_centrat esq\">\n<p>Tenemos instalada en nuestro Centro de Desarrollo la prensa Oguma.<\/p>\n\n\n\n<p>La llamamos peletizadora porque es capaz de prensar en forma de <em>pellets<\/em> muchos tipos de materiales.<\/p>\n<\/div>\n<\/div><\/div><\/div>\n\n\n\n<div class=\"wp-block-seic-seccio-dos-cols section fons-blau com-filet seic-100-height padding-mig dos-columnes\" data-anchor=\"Cel-lulosa\" data-navtt=\"Cel\u00b7lulosa\"><div class=\"wrapper-bg-color\"><div class=\"maq-contenidor\">\n<div class=\"wp-block-seic-columna-seccio col vertical_centrat esq\">\n<h2 class=\"wp-block-heading is-style-seic-titular-gegant\">La clave del \u00e9xito es la cooperaci\u00f3n<\/h2>\n\n\n\n<p>Matsubo Corporation y Oguma Iron Works han confiado en SEIC para dar el salto a Europa y, de esta forma, disponemos en Barcelona de una unidad piloto.<\/p>\n<\/div>\n\n\n\n<div class=\"wp-block-seic-columna-seccio col vertical_centrat esq\">\n<div class=\"wp-block-seic-imatge-control img_control_alt\">\n<figure class=\"wp-block-image size-full\"><img loading=\"lazy\" decoding=\"async\" width=\"1993\" height=\"2560\" src=\"https:\/\/seic-evo.com\/wp-content\/uploads\/detallpremsa1-scaled.jpg\" alt=\"\" class=\"wp-image-1659\" srcset=\"https:\/\/seic-evo.com\/wp-content\/uploads\/detallpremsa1-scaled.jpg 1993w, https:\/\/seic-evo.com\/wp-content\/uploads\/detallpremsa1-234x300.jpg 234w\" sizes=\"auto, (max-width: 1993px) 100vw, 1993px\" \/><\/figure>\n<\/div>\n<\/div>\n<\/div><\/div><\/div>\n\n\n\n<div class=\"wp-block-seic-seccio-dos-cols section fons-crema com-filet seic-100-height padding-mig dos-columnes\" data-anchor=\"Fonts-sostenibles\" data-navtt=\"Fonts sostenibles\"><div class=\"wrapper-bg-color\"><div class=\"maq-contenidor\">\n<div class=\"wp-block-seic-columna-seccio col vertical_centrat esq\">\n<div class=\"wp-block-seic-imatge-control img_control_alt\">\n<figure class=\"wp-block-image size-large\"><img loading=\"lazy\" decoding=\"async\" width=\"979\" height=\"1024\" src=\"https:\/\/seic-evo.com\/wp-content\/uploads\/prova4-3-979x1024.jpeg\" alt=\"\" class=\"wp-image-1793\" srcset=\"https:\/\/seic-evo.com\/wp-content\/uploads\/prova4-3-979x1024.jpeg 979w, https:\/\/seic-evo.com\/wp-content\/uploads\/prova4-3-287x300.jpeg 287w, https:\/\/seic-evo.com\/wp-content\/uploads\/prova4-3-768x803.jpeg 768w, https:\/\/seic-evo.com\/wp-content\/uploads\/prova4-3-1468x1536.jpeg 1468w, https:\/\/seic-evo.com\/wp-content\/uploads\/prova4-3-1958x2048.jpeg 1958w\" sizes=\"auto, (max-width: 979px) 100vw, 979px\" \/><\/figure>\n<\/div>\n<\/div>\n\n\n\n<div class=\"wp-block-seic-columna-seccio col vertical_centrat esq\">\n<h2 class=\"wp-block-heading is-style-seic-titular-gegant has-com-color-blanc-color has-text-color\">Espacio adecuado, desarrollo id\u00f3neo<\/h2>\n\n\n\n<p>Con esta peletizadora en nuestras instalaciones podemos hacer pruebas industriales para dar garant\u00edas reales a los clientes de todas las caracter\u00edsticas, ratios y rendimientos que obtendr\u00e1n con la peletizadora del tama\u00f1o que sea el adecuado.<\/p>\n<\/div>\n<\/div><\/div><\/div>\n\n\n\n<div class=\"wp-block-seic-seccio-dos-cols section fons-blanc com-filet seic-100-height padding-mig dos-columnes\" data-anchor=\"Aprofitament-residus\" data-navtt=\"Aprofitament de residus\"><div class=\"wrapper-bg-color\"><div class=\"maq-contenidor\">\n<div class=\"wp-block-seic-columna-seccio col vertical_centrat esq\">\n<h2 class=\"wp-block-heading is-style-seic-titular-gegant has-com-color-blau-color has-text-color\">El tama\u00f1o importa<\/h2>\n\n\n\n<p>La prensa es capaz de reducir en m\u00e1s de dos terceras partes el volumen de los residuos y materiales con los que se le alimenta y obtiene por medios mec\u00e1nicos ratios de humedad final inferiores al 10% gracias a su sistema fiable y duradero.<\/p>\n<\/div>\n\n\n\n<div class=\"wp-block-seic-columna-seccio col vertical_centrat esq\">\n<div class=\"wp-block-seic-imatge-control img_control_alt\">\n<figure class=\"wp-block-image size-full\"><img loading=\"lazy\" decoding=\"async\" width=\"2101\" height=\"2234\" src=\"https:\/\/seic-evo.com\/wp-content\/uploads\/prova6-1.jpeg\" alt=\"\" class=\"wp-image-1809\" srcset=\"https:\/\/seic-evo.com\/wp-content\/uploads\/prova6-1.jpeg 2101w, https:\/\/seic-evo.com\/wp-content\/uploads\/prova6-1-282x300.jpeg 282w, https:\/\/seic-evo.com\/wp-content\/uploads\/prova6-1-963x1024.jpeg 963w, https:\/\/seic-evo.com\/wp-content\/uploads\/prova6-1-768x817.jpeg 768w, https:\/\/seic-evo.com\/wp-content\/uploads\/prova6-1-1445x1536.jpeg 1445w, https:\/\/seic-evo.com\/wp-content\/uploads\/prova6-1-1926x2048.jpeg 1926w\" sizes=\"auto, (max-width: 2101px) 100vw, 2101px\" \/><\/figure>\n<\/div>\n<\/div>\n<\/div><\/div><\/div>\n\n\n\n<div class=\"wp-block-seic-seccio-dos-cols section fons-blau com-filet seic-100-height padding-mig dos-columnes\" data-anchor=\"Procesos-circulars\" data-navtt=\"Procesos circulars\"><div class=\"wrapper-bg-color\"><div class=\"maq-contenidor\">\n<div class=\"wp-block-seic-columna-seccio col vertical_centrat esq\">\n<div class=\"wp-block-seic-imatge-control img_control_alt\">\n<figure class=\"wp-block-image size-large\"><img loading=\"lazy\" decoding=\"async\" width=\"745\" height=\"1024\" src=\"https:\/\/seic-evo.com\/wp-content\/uploads\/fangspremsats2-745x1024.jpeg\" alt=\"\" class=\"wp-image-1696\" srcset=\"https:\/\/seic-evo.com\/wp-content\/uploads\/fangspremsats2-745x1024.jpeg 745w, https:\/\/seic-evo.com\/wp-content\/uploads\/fangspremsats2-218x300.jpeg 218w, https:\/\/seic-evo.com\/wp-content\/uploads\/fangspremsats2-768x1056.jpeg 768w, https:\/\/seic-evo.com\/wp-content\/uploads\/fangspremsats2-1117x1536.jpeg 1117w, https:\/\/seic-evo.com\/wp-content\/uploads\/fangspremsats2-1489x2048.jpeg 1489w, https:\/\/seic-evo.com\/wp-content\/uploads\/fangspremsats2.jpeg 1745w\" sizes=\"auto, (max-width: 745px) 100vw, 745px\" \/><\/figure>\n<\/div>\n<\/div>\n\n\n\n<div class=\"wp-block-seic-columna-seccio col vertical_centrat esq\">\n<h2 class=\"wp-block-heading is-style-seic-titular-gegant\">El prop\u00f3sito no es solo el resultado, sino tambi\u00e9n el proceso<\/h2>\n\n\n\n<p>Reducir el volumen de residuos de pl\u00e1stico o de fangos de la depuradora en m\u00e1s de dos terceras partes y poder secarlos sin vapor, ni gases recirculantes hasta tasas inferiores al 10% de humedad. Esto es posible con la peletizadora Oguma.<\/p>\n<\/div>\n<\/div><\/div><\/div>\n\n\n\n<div class=\"wp-block-seic-seccio-dos-cols section fons-imatge com-filet seic-100-height padding-mig dos-columnes\" data-anchor=\"Imatge-Circularitat-3\" data-navtt=\"Circularitat\"><div class=\"wrapper-bg-img\" style=\"background-image:url(https:\/\/seic-evo.com\/wp-content\/uploads\/background-mostres-1-scaled.jpeg)\"><div class=\"maq-contenidor\">\n<div class=\"wp-block-seic-columna-seccio col vertical_centrat esq\">\n<div class=\"wp-block-seic-imatge-control img_control_alt\"><\/div>\n<\/div>\n\n\n\n<div class=\"wp-block-seic-columna-seccio col vertical_centrat esq\">\n<h2 class=\"wp-block-heading is-style-seic-titular-gegant\"><\/h2>\n<\/div>\n<\/div><\/div><\/div>\n\n\n\n<div class=\"wp-block-seic-seccio-dos-cols section fons-imatge com-filet seic-100-height padding-mig dos-columnes\" data-anchor=\"Imatge-Circularitat-2\" data-navtt=\"Circularitat\"><div class=\"wrapper-bg-img\" style=\"background-image:url(https:\/\/seic-evo.com\/wp-content\/uploads\/oguma-pelletizer.jpg)\"><div class=\"maq-contenidor\">\n<div class=\"wp-block-seic-columna-seccio col vertical_centrat esq\">\n<div class=\"wp-block-seic-imatge-control img_control_alt\"><\/div>\n<\/div>\n\n\n\n<div class=\"wp-block-seic-columna-seccio col vertical_centrat esq\">\n<h2 class=\"wp-block-heading is-style-seic-titular-gegant\"><\/h2>\n<\/div>\n<\/div><\/div><\/div>\n","protected":false},"excerpt":{"rendered":"","protected":false},"author":1,"featured_media":0,"parent":0,"menu_order":0,"comment_status":"closed","ping_status":"closed","template":"maq_fullpage.php","meta":{"footnotes":""},"class_list":["post-1701","page","type-page","status-publish","hentry"],"_links":{"self":[{"href":"https:\/\/seic-evo.com\/es\/wp-json\/wp\/v2\/pages\/1701","targetHints":{"allow":["GET"]}}],"collection":[{"href":"https:\/\/seic-evo.com\/es\/wp-json\/wp\/v2\/pages"}],"about":[{"href":"https:\/\/seic-evo.com\/es\/wp-json\/wp\/v2\/types\/page"}],"author":[{"embeddable":true,"href":"https:\/\/seic-evo.com\/es\/wp-json\/wp\/v2\/users\/1"}],"replies":[{"embeddable":true,"href":"https:\/\/seic-evo.com\/es\/wp-json\/wp\/v2\/comments?post=1701"}],"version-history":[{"count":10,"href":"https:\/\/seic-evo.com\/es\/wp-json\/wp\/v2\/pages\/1701\/revisions"}],"predecessor-version":[{"id":1818,"href":"https:\/\/seic-evo.com\/es\/wp-json\/wp\/v2\/pages\/1701\/revisions\/1818"}],"wp:attachment":[{"href":"https:\/\/seic-evo.com\/es\/wp-json\/wp\/v2\/media?parent=1701"}],"curies":[{"name":"wp","href":"https:\/\/api.w.org\/{rel}","templated":true}]}}